{"id":2560,"date":"2026-02-26T20:17:18","date_gmt":"2026-02-26T20:17:18","guid":{"rendered":"https:\/\/kprpraha.cz\/?page_id=2560"},"modified":"2026-03-05T14:09:34","modified_gmt":"2026-03-05T14:09:34","slug":"vylet-do-styrskeho-hradce-graz-28-05-31-05-2026","status":"publish","type":"page","link":"https:\/\/kprpraha.cz\/?page_id=2560","title":{"rendered":"V\u00fdlet do \u0160t\u00fdrsk\u00e9ho Hradce &#8211;  GRAZ 28.05. \u2013 31.05. 2026"},"content":{"rendered":"\t\t<div data-elementor-type=\"wp-page\" data-elementor-id=\"2560\" class=\"elementor elementor-2560\">\n\t\t\t\t\t\t<section class=\"elementor-section elementor-top-section elementor-element elementor-element-4341a95 elementor-section-height-min-height elementor-section-boxed elementor-section-height-default elementor-section-items-middle\" data-id=\"4341a95\" data-element_type=\"section\" data-settings=\"{&quot;background_background&quot;:&quot;classic&quot;}\">\n\t\t\t\t\t\t\t<div class=\"elementor-background-overlay\"><\/div>\n\t\t\t\t\t\t\t<div class=\"elementor-container elementor-column-gap-default\">\n\t\t\t\t\t<div class=\"elementor-column elementor-col-100 elementor-top-column elementor-element elementor-element-483be52\" data-id=\"483be52\" data-element_type=\"column\">\n\t\t\t<div class=\"elementor-widget-wrap elementor-element-populated\">\n\t\t\t\t\t\t<div class=\"elementor-element elementor-element-78bf0ae elementor-widget elementor-widget-heading\" data-id=\"78bf0ae\" data-element_type=\"widget\" data-widget_type=\"heading.default\">\n\t\t\t\t<div class=\"elementor-widget-container\">\n\t\t\t<h1 class=\"elementor-heading-title elementor-size-default\">V\u00fdlet do \u0160t\u00fdrsk\u00e9ho Hradce -  GRAZ 28.05. \u2013 31.05. 2026\n<\/h1>\t\t<\/div>\n\t\t\t\t<\/div>\n\t\t\t\t\t<\/div>\n\t\t<\/div>\n\t\t\t\t\t<\/div>\n\t\t<\/section>\n\t\t\t\t<section class=\"elementor-section elementor-top-section elementor-element elementor-element-034f786 elementor-section-boxed elementor-section-height-default elementor-section-height-default\" data-id=\"034f786\" data-element_type=\"section\" data-settings=\"{&quot;background_background&quot;:&quot;classic&quot;}\">\n\t\t\t\t\t\t<div class=\"elementor-container elementor-column-gap-default\">\n\t\t\t\t\t<div class=\"elementor-column elementor-col-100 elementor-top-column elementor-element elementor-element-ba0c118\" data-id=\"ba0c118\" data-element_type=\"column\">\n\t\t\t<div class=\"elementor-widget-wrap elementor-element-populated\">\n\t\t\t\t\t\t<div class=\"elementor-element elementor-element-0b6825a elementor-widget-divider--view-line elementor-widget elementor-widget-divider\" data-id=\"0b6825a\" data-element_type=\"widget\" data-widget_type=\"divider.default\">\n\t\t\t\t<div class=\"elementor-widget-container\">\n\t\t\t\t\t<div class=\"elementor-divider\">\n\t\t\t<span class=\"elementor-divider-separator\">\n\t\t\t\t\t\t<\/span>\n\t\t<\/div>\n\t\t\t\t<\/div>\n\t\t\t\t<\/div>\n\t\t\t\t<div class=\"elementor-element elementor-element-ed9541e elementor-widget elementor-widget-text-editor\" data-id=\"ed9541e\" data-element_type=\"widget\" data-widget_type=\"text-editor.default\">\n\t\t\t\t<div class=\"elementor-widget-container\">\n\t\t\t\t\t\t\t<p><b>CENA 8\u00a0300 K\u010d<\/b><\/p><p><span style=\"font-weight: 400;\">Cena zahrnuje:<\/span><\/p><p><span style=\"font-weight: 400;\">\u00a0Dopravu mal\u00fdm busem pro 19 osob , parkovn\u00e9<\/span><\/p><p><span style=\"font-weight: 400;\">Ubytov\u00e1n\u00ed ve dvoul\u016f\u017ekov\u00fdch nebo t\u0159\u00edl\u016f\u017ekov\u00fdch pokoj\u00edch se sn\u00eddan\u00ed, jednol\u016f\u017ekov\u00e9 pokoje za p\u0159\u00edplatek<\/span><\/p><p><span style=\"font-weight: 400;\">Pr\u016fvodce ve Wiener Neustadt, \u0160t\u00fdrsk\u00e9m Hradci. <\/span><span style=\"font-weight: 400;\">Vstupy do objekt\u016f si ka\u017ed\u00fd plat\u00ed s\u00e1m.<\/span><\/p>\t\t\t\t\t\t<\/div>\n\t\t\t\t<\/div>\n\t\t\t\t<div class=\"elementor-element elementor-element-9fdb291 elementor-widget elementor-widget-image\" data-id=\"9fdb291\" data-element_type=\"widget\" data-widget_type=\"image.default\">\n\t\t\t\t<div class=\"elementor-widget-container\">\n\t\t\t\t\t\t\t\t\t\t\t\t\t<img fetchpriority=\"high\" decoding=\"async\" width=\"805\" height=\"610\" src=\"https:\/\/kprpraha.cz\/wp-content\/uploads\/2026\/02\/Snimek-obrazovky-2026-02-26-211059.png\" class=\"attachment-full size-full wp-image-2562\" alt=\"\" srcset=\"https:\/\/kprpraha.cz\/wp-content\/uploads\/2026\/02\/Snimek-obrazovky-2026-02-26-211059.png 805w, https:\/\/kprpraha.cz\/wp-content\/uploads\/2026\/02\/Snimek-obrazovky-2026-02-26-211059-300x227.png 300w, https:\/\/kprpraha.cz\/wp-content\/uploads\/2026\/02\/Snimek-obrazovky-2026-02-26-211059-768x582.png 768w\" sizes=\"(max-width: 805px) 100vw, 805px\" \/>\t\t\t\t\t\t\t\t\t\t\t\t\t<\/div>\n\t\t\t\t<\/div>\n\t\t\t\t<section class=\"elementor-section elementor-inner-section elementor-element elementor-element-d762106 elementor-section-boxed elementor-section-height-default elementor-section-height-default\" data-id=\"d762106\" data-element_type=\"section\">\n\t\t\t\t\t\t<div class=\"elementor-container elementor-column-gap-default\">\n\t\t\t\t\t<div class=\"elementor-column elementor-col-100 elementor-inner-column elementor-element elementor-element-08ec54c\" data-id=\"08ec54c\" data-element_type=\"column\">\n\t\t\t<div class=\"elementor-widget-wrap elementor-element-populated\">\n\t\t\t\t\t\t<div class=\"elementor-element elementor-element-8fa3d11 elementor-widget elementor-widget-text-editor\" data-id=\"8fa3d11\" data-element_type=\"widget\" data-widget_type=\"text-editor.default\">\n\t\t\t\t<div class=\"elementor-widget-container\">\n\t\t\t\t\t\t\t<p><b>Program:<\/b><\/p>\n<p><b>28.05.<\/b><span style=\"font-weight: 400;\"> Odjezd od Hlavn\u00edho n\u00e1dra\u017e\u00ed. Sraz 6:45 u Magistr\u00e1ly u stanice Flixbusu sm\u011brem k&nbsp;V\u00e1clavsk\u00e9mu n\u00e1m\u011bst\u00ed<\/span><\/p>\n<p><span style=\"font-weight: 400;\">V&nbsp;poledne cca 12 hodin p\u0159\u00edjezd do <\/span><b>Wiener Neustadt \u2013 Prof.Josef Ernst&nbsp; n\u00e1s provede vojenskou akademi\u00ed, potom p\u0159est\u00e1vka na ob\u011bd.<\/b><\/p>\n<p><span style=\"font-weight: 400;\">P\u0159\u00edjezd do \u0160t\u00fdrsk\u00e9ho Hradce cca 18 hodin. Ubytov\u00e1n\u00ed v&nbsp;hotelu, volno. Ve\u010de\u0159e nejsou organizovan\u00e9.<\/span><\/p>\n<p><b>29.05.<\/b><span style=\"font-weight: 400;\"> Po sn\u00eddani&nbsp; 9 a\u017e 9:30 prohl\u00eddka historick\u00e9ho centra m\u011bsta, pr\u016fvodce Ing. Gabriela Kalinov\u00e1.<\/span><\/p>\n<p><span style=\"font-weight: 400;\">P\u0159est\u00e1vka na ob\u011bd cca v 12 hodin. Ob\u011bd nen\u00ed organizovan\u00fd<\/span><\/p>\n<p><span style=\"font-weight: 400;\">Odpoledne 14:30 odjezd <\/span><b>do Thal, rodi\u0161t\u011b Arnolda Schwarzeneggra,<\/b><span style=\"font-weight: 400;\"> n\u00e1v\u0161t\u011bva muzea.&nbsp;<\/span><\/p>\n<p><b>Skupinov\u00e9 vstupn\u00e9:&nbsp; 8 eur na osobu \/senior&nbsp;<\/b><\/p>\n<p><span style=\"font-weight: 400;\">N\u00e1vrat do hotelu cca 17 hodin. Volno, ve\u010de\u0159e nen\u00ed organizov\u00e1na&nbsp;<\/span><\/p>\n<p><b>30.05<\/b><span style=\"font-weight: 400;\">. Po sn\u00eddani prohl\u00eddka z\u00e1mku s&nbsp;historick\u00fdm hradem a hodinovou v\u011b\u017e\u00ed. Pr\u016fvodce Ing. Gabriela Kalinov\u00e1.<\/span><\/p>\n<p><span style=\"font-weight: 400;\">P\u0159est\u00e1vka na ob\u011bd cca 12 hodin. Ob\u011bd nen\u00ed organizovan\u00fd<\/span><\/p>\n<p><span style=\"font-weight: 400;\">V&nbsp;odpoledn\u00edch hodin\u00e1ch odjezd do z\u00e1mku Eggenberg.<\/span><\/p>\n<p><span style=\"font-weight: 400;\">Prohl\u00eddka z\u00e1mku s&nbsp;pr\u016fvodcem <\/span><b>Skupinov\u00e9 vstupn\u00e9&nbsp; 17eur na osobu \/senior<\/b><\/p>\n<p><span style=\"font-weight: 400;\">V&nbsp;z\u00e1mku se nach\u00e1z\u00ed i dal\u0161\u00ed muzea Alte Galerie , Archeologick\u00e9 muzeum a M\u00fcnzkabinet. Z\u00e1mek je obklopen kr\u00e1sn\u00fdm parkem. Proto po prohl\u00eddce bude mo\u017enost individu\u00e1ln\u00ed prohl\u00eddky ostatn\u00edch \u010d\u00e1st\u00ed z\u00e1mku a parku.<\/span><\/p>\n<p><span style=\"font-weight: 400;\">&nbsp;N\u00e1vrat do hotelu mezi 17 a\u017e 18 hodinou. Volno, ve\u010de\u0159e nen\u00ed organizov\u00e1na<\/span><\/p>\n<p><span style=\"font-weight: 700;\">Bad Blumau<\/span><\/p><p><b style=\"font-style: inherit;\">31.05.<\/b><span style=\"font-style: inherit;\"> Po sn\u00eddani odjezd sm\u011br Bad Blumau. Jedine\u010dn\u00e9 term\u00e1ln\u00ed l\u00e1zn\u011b Rogner Bad Blumau, kter\u00e9 byly postaveny podle n\u00e1vrhu zn\u00e1m\u00e9ho excentrick\u00e9ho rakousk\u00e9ho architekta Friedensreicha Hundertwassera.&nbsp;<\/span><\/p>\n<p><span style=\"font-weight: 400;\">V 11 hodin Prohl\u00eddka parku a venkovn\u00ed prohl\u00eddka staveb s&nbsp;pr\u016fvodcem<\/span><\/p>\n<p><b>Skupinov\u00e9 vstupn\u00e9 12 eur<\/b><\/p>\n<p><span style=\"font-weight: 400;\">Po prohl\u00eddce n\u00e1vrat do Prahy. Po cest\u011b povinn\u00e9 p\u0159edt\u00e1vky pro \u0159idi\u010de.<\/span><\/p>\n<p><span style=\"font-weight: 400;\">P\u0159edpokl\u00e1dan\u00fd p\u0159\u00edjezd cca 22 hodin Praha Hlavn\u00ed n\u00e1dra\u017e\u00ed.&nbsp;<\/span><\/p>\n<p><span style=\"font-weight: 400;\">Z\u00e1vazn\u00e9 p\u0159ihl\u00e1\u0161ky pros\u00edm vyplnit a poslat mailem na marketa do konce b\u0159ezna, nebo p\u0159edat na p\u0159edn\u00e1\u0161ce 18.3. 2026 v&nbsp;Revolu\u010dn\u00ed.<\/span><\/p>\n<p><b>Platby pouk\u00e1zat na \u00fa\u010det p\u0159evodem do 30.4. 2026<\/b><\/p>\n<p><span style=\"font-weight: 400;\">Nebo v&nbsp;hotovosti&nbsp; po p\u0159edchoz\u00edm ozn\u00e1men\u00ed na p\u0159edn\u00e1\u0161ce dne&nbsp; 21.4. 2026 v RKF.<\/span><\/p>\n<p><span style=\"font-weight: 400;\">Ing. Mark\u00e9ta Stanov\u00e1<\/span><\/p>\n<p><span style=\"font-weight: 400;\">Email: <\/span><span style=\"font-weight: 400;\">marketa_stanova@seznam.cz<\/span><\/p>\n<p><span style=\"font-weight: 400;\">Tel: +420&nbsp;724&nbsp;009&nbsp;484<\/span><\/p>\t\t\t\t\t\t<\/div>\n\t\t\t\t<\/div>\n\t\t\t\t\t<\/div>\n\t\t<\/div>\n\t\t\t\t\t<\/div>\n\t\t<\/section>\n\t\t\t\t<div class=\"elementor-element elementor-element-7f02097 elementor-align-center elementor-widget elementor-widget-button\" data-id=\"7f02097\" data-element_type=\"widget\" data-widget_type=\"button.default\">\n\t\t\t\t<div class=\"elementor-widget-container\">\n\t\t\t\t\t\t\t<div class=\"elementor-button-wrapper\">\n\t\t\t\t\t<a class=\"elementor-button elementor-button-link elementor-size-md\" href=\"http:\/\/kprpraha.cz\/wp-content\/uploads\/2026\/02\/Vylet-do-Styrskeho-Hradce.pdf\">\n\t\t\t\t\t\t<span class=\"elementor-button-content-wrapper\">\n\t\t\t\t\t\t\t\t\t<span class=\"elementor-button-text\">Z\u00e1vazn\u00e1 p\u0159ihl\u00e1\u0161ka<\/span>\n\t\t\t\t\t<\/span>\n\t\t\t\t\t<\/a>\n\t\t\t\t<\/div>\n\t\t\t\t\t\t<\/div>\n\t\t\t\t<\/div>\n\t\t\t\t\t<\/div>\n\t\t<\/div>\n\t\t\t\t\t<\/div>\n\t\t<\/section>\n\t\t\t\t<section class=\"elementor-section elementor-top-section elementor-element elementor-element-e272391 elementor-section-boxed elementor-section-height-default elementor-section-height-default\" data-id=\"e272391\" data-element_type=\"section\">\n\t\t\t\t\t\t<div class=\"elementor-container elementor-column-gap-default\">\n\t\t\t\t\t<div class=\"elementor-column elementor-col-50 elementor-top-column elementor-element elementor-element-1c0ef01\" data-id=\"1c0ef01\" data-element_type=\"column\">\n\t\t\t<div class=\"elementor-widget-wrap elementor-element-populated\">\n\t\t\t\t\t\t<div class=\"elementor-element elementor-element-ad6d8d1 elementor-widget elementor-widget-image\" data-id=\"ad6d8d1\" data-element_type=\"widget\" data-widget_type=\"image.default\">\n\t\t\t\t<div class=\"elementor-widget-container\">\n\t\t\t\t\t\t\t\t\t\t\t\t\t<img decoding=\"async\" width=\"527\" height=\"336\" src=\"https:\/\/kprpraha.cz\/wp-content\/uploads\/2026\/02\/Snimek-obrazovky-2026-02-26-211255.png\" class=\"attachment-large size-large wp-image-2564\" alt=\"\" srcset=\"https:\/\/kprpraha.cz\/wp-content\/uploads\/2026\/02\/Snimek-obrazovky-2026-02-26-211255.png 527w, https:\/\/kprpraha.cz\/wp-content\/uploads\/2026\/02\/Snimek-obrazovky-2026-02-26-211255-300x191.png 300w\" sizes=\"(max-width: 527px) 100vw, 527px\" \/>\t\t\t\t\t\t\t\t\t\t\t\t\t<\/div>\n\t\t\t\t<\/div>\n\t\t\t\t\t<\/div>\n\t\t<\/div>\n\t\t\t\t<div class=\"elementor-column elementor-col-50 elementor-top-column elementor-element elementor-element-a339ea8\" data-id=\"a339ea8\" data-element_type=\"column\">\n\t\t\t<div class=\"elementor-widget-wrap elementor-element-populated\">\n\t\t\t\t\t\t<div class=\"elementor-element elementor-element-18934dd elementor-widget elementor-widget-image\" data-id=\"18934dd\" data-element_type=\"widget\" data-widget_type=\"image.default\">\n\t\t\t\t<div class=\"elementor-widget-container\">\n\t\t\t\t\t\t\t\t\t\t\t\t\t<img decoding=\"async\" width=\"340\" height=\"416\" src=\"https:\/\/kprpraha.cz\/wp-content\/uploads\/2026\/02\/Snimek-obrazovky-2026-02-26-211243.png\" class=\"attachment-large size-large wp-image-2563\" alt=\"\" srcset=\"https:\/\/kprpraha.cz\/wp-content\/uploads\/2026\/02\/Snimek-obrazovky-2026-02-26-211243.png 340w, https:\/\/kprpraha.cz\/wp-content\/uploads\/2026\/02\/Snimek-obrazovky-2026-02-26-211243-245x300.png 245w\" sizes=\"(max-width: 340px) 100vw, 340px\" \/>\t\t\t\t\t\t\t\t\t\t\t\t\t<\/div>\n\t\t\t\t<\/div>\n\t\t\t\t\t<\/div>\n\t\t<\/div>\n\t\t\t\t\t<\/div>\n\t\t<\/section>\n\t\t\t\t<\/div>\n\t\t","protected":false},"excerpt":{"rendered":"<p>V\u00fdlet do \u0160t\u00fdrsk\u00e9ho Hradce &#8211; GRAZ 28.05. \u2013 31.05. 2026 CENA 8\u00a0300 K\u010d Cena zahrnuje: \u00a0Dopravu mal\u00fdm busem pro 19 osob , parkovn\u00e9 Ubytov\u00e1n\u00ed ve dvoul\u016f\u017ekov\u00fdch nebo t\u0159\u00edl\u016f\u017ekov\u00fdch pokoj\u00edch se sn\u00eddan\u00ed, jednol\u016f\u017ekov\u00e9 pokoje za p\u0159\u00edplatek Pr\u016fvodce ve Wiener Neustadt, \u0160t\u00fdrsk\u00e9m Hradci. Vstupy do objekt\u016f si ka\u017ed\u00fd plat\u00ed s\u00e1m. Program: 28.05. Odjezd od Hlavn\u00edho n\u00e1dra\u017e\u00ed. Sraz [&hellip;]<\/p>\n","protected":false},"author":1,"featured_media":0,"parent":0,"menu_order":0,"comment_status":"closed","ping_status":"closed","template":"","meta":{"site-sidebar-layout":"no-sidebar","site-content-layout":"page-builder","ast-site-content-layout":"","site-content-style":"default","site-sidebar-style":"default","ast-global-header-display":"","ast-banner-title-visibility":"","ast-main-header-display":"","ast-hfb-above-header-display":"","ast-hfb-below-header-display":"","ast-hfb-mobile-header-display":"","site-post-title":"disabled","ast-breadcrumbs-content":"","ast-featured-img":"disabled","footer-sml-layout":"","theme-transparent-header-meta":"enabled","adv-header-id-meta":"","stick-header-meta":"","header-above-stick-meta":"","header-main-stick-meta":"","header-below-stick-meta":"","astra-migrate-meta-layouts":"default","ast-page-background-enabled":"default","ast-page-background-meta":{"desktop":{"background-color":"var(--ast-global-color-4)","background-image":"","background-repeat":"repeat","background-position":"center center","background-size":"auto","background-attachment":"scroll","background-type":"","background-media":"","overlay-type":"","overlay-color":"","overlay-opacity":"","overlay-gradient":""},"tablet":{"background-color":"","background-image":"","background-repeat":"repeat","background-position":"center center","background-size":"auto","background-attachment":"scroll","background-type":"","background-media":"","overlay-type":"","overlay-color":"","overlay-opacity":"","overlay-gradient":""},"mobile":{"background-color":"","background-image":"","background-repeat":"repeat","background-position":"center center","background-size":"auto","background-attachment":"scroll","background-type":"","background-media":"","overlay-type":"","overlay-color":"","overlay-opacity":"","overlay-gradient":""}},"ast-content-background-meta":{"desktop":{"background-color":"var(--ast-global-color-5)","background-image":"","background-repeat":"repeat","background-position":"center center","background-size":"auto","background-attachment":"scroll","background-type":"","background-media":"","overlay-type":"","overlay-color":"","overlay-opacity":"","overlay-gradient":""},"tablet":{"background-color":"var(--ast-global-color-5)","background-image":"","background-repeat":"repeat","background-position":"center center","background-size":"auto","background-attachment":"scroll","background-type":"","background-media":"","overlay-type":"","overlay-color":"","overlay-opacity":"","overlay-gradient":""},"mobile":{"background-color":"var(--ast-global-color-5)","background-image":"","background-repeat":"repeat","background-position":"center center","background-size":"auto","background-attachment":"scroll","background-type":"","background-media":"","overlay-type":"","overlay-color":"","overlay-opacity":"","overlay-gradient":""}},"footnotes":""},"class_list":["post-2560","page","type-page","status-publish","hentry"],"_links":{"self":[{"href":"https:\/\/kprpraha.cz\/index.php?rest_route=\/wp\/v2\/pages\/2560","targetHints":{"allow":["GET"]}}],"collection":[{"href":"https:\/\/kprpraha.cz\/index.php?rest_route=\/wp\/v2\/pages"}],"about":[{"href":"https:\/\/kprpraha.cz\/index.php?rest_route=\/wp\/v2\/types\/page"}],"author":[{"embeddable":true,"href":"https:\/\/kprpraha.cz\/index.php?rest_route=\/wp\/v2\/users\/1"}],"replies":[{"embeddable":true,"href":"https:\/\/kprpraha.cz\/index.php?rest_route=%2Fwp%2Fv2%2Fcomments&post=2560"}],"version-history":[{"count":7,"href":"https:\/\/kprpraha.cz\/index.php?rest_route=\/wp\/v2\/pages\/2560\/revisions"}],"predecessor-version":[{"id":2574,"href":"https:\/\/kprpraha.cz\/index.php?rest_route=\/wp\/v2\/pages\/2560\/revisions\/2574"}],"wp:attachment":[{"href":"https:\/\/kprpraha.cz\/index.php?rest_route=%2Fwp%2Fv2%2Fmedia&parent=2560"}],"curies":[{"name":"wp","href":"https:\/\/api.w.org\/{rel}","templated":true}]}}