{"id":1910,"date":"2023-07-02T09:54:15","date_gmt":"2023-07-02T09:54:15","guid":{"rendered":"http:\/\/kprpraha.cz\/?page_id=1910"},"modified":"2023-08-04T17:45:23","modified_gmt":"2023-08-04T17:45:23","slug":"uber-uns","status":"publish","type":"page","link":"https:\/\/kprpraha.cz\/?page_id=1910&lang=de","title":{"rendered":"\u00dcber uns"},"content":{"rendered":"\t\t<div data-elementor-type=\"wp-page\" data-elementor-id=\"1910\" class=\"elementor elementor-1910\">\n\t\t\t\t\t\t<section class=\"elementor-section elementor-top-section elementor-element elementor-element-4341a95 elementor-section-height-min-height elementor-section-boxed elementor-section-height-default elementor-section-items-middle\" data-id=\"4341a95\" data-element_type=\"section\" data-settings=\"{&quot;background_background&quot;:&quot;classic&quot;}\">\n\t\t\t\t\t\t\t<div class=\"elementor-background-overlay\"><\/div>\n\t\t\t\t\t\t\t<div class=\"elementor-container elementor-column-gap-default\">\n\t\t\t\t\t<div class=\"elementor-column elementor-col-100 elementor-top-column elementor-element elementor-element-483be52\" data-id=\"483be52\" data-element_type=\"column\">\n\t\t\t<div class=\"elementor-widget-wrap elementor-element-populated\">\n\t\t\t\t\t\t<div class=\"elementor-element elementor-element-78bf0ae elementor-widget elementor-widget-heading\" data-id=\"78bf0ae\" data-element_type=\"widget\" data-widget_type=\"heading.default\">\n\t\t\t\t<div class=\"elementor-widget-container\">\n\t\t\t<h1 class=\"elementor-heading-title elementor-size-default\">\u00dcber uns<\/h1>\t\t<\/div>\n\t\t\t\t<\/div>\n\t\t\t\t\t<\/div>\n\t\t<\/div>\n\t\t\t\t\t<\/div>\n\t\t<\/section>\n\t\t\t\t<section class=\"elementor-section elementor-top-section elementor-element elementor-element-034f786 elementor-section-boxed elementor-section-height-default elementor-section-height-default\" data-id=\"034f786\" data-element_type=\"section\" data-settings=\"{&quot;background_background&quot;:&quot;classic&quot;}\">\n\t\t\t\t\t\t<div class=\"elementor-container elementor-column-gap-default\">\n\t\t\t\t\t<div class=\"elementor-column elementor-col-100 elementor-top-column elementor-element elementor-element-ba0c118\" data-id=\"ba0c118\" data-element_type=\"column\">\n\t\t\t<div class=\"elementor-widget-wrap elementor-element-populated\">\n\t\t\t\t\t\t<div class=\"elementor-element elementor-element-0b6825a elementor-widget-divider--view-line elementor-widget elementor-widget-divider\" data-id=\"0b6825a\" data-element_type=\"widget\" data-widget_type=\"divider.default\">\n\t\t\t\t<div class=\"elementor-widget-container\">\n\t\t\t\t\t<div class=\"elementor-divider\">\n\t\t\t<span class=\"elementor-divider-separator\">\n\t\t\t\t\t\t<\/span>\n\t\t<\/div>\n\t\t\t\t<\/div>\n\t\t\t\t<\/div>\n\t\t\t\t<div class=\"elementor-element elementor-element-ed9541e elementor-widget elementor-widget-text-editor\" data-id=\"ed9541e\" data-element_type=\"widget\" data-widget_type=\"text-editor.default\">\n\t\t\t\t<div class=\"elementor-widget-container\">\n\t\t\t\t\t\t\t<p>Seit den siebziger Jahren treffen sich geb\u00fcrtige \u00d6sterreicher, Absolventen der Berufsschulen des Komensk\u00fd-Vereins in Wien, um in Erinnerungen an ihre geliebte Heimatstadt Wien zu schwelgen, wo sie ihre Kindheit verbrachten, wo sie studierten und arbeiteten und meist bis zum Zweiten Weltkrieg lebten.<\/p><p>\u00a0<\/p><p>W\u00e4hrend des Treffens im Jahr 1989 versammelten sich unerwartet etwa sechshundert Landsleute und dieses gro\u00dfe Interesse war der Ansto\u00df zur Gr\u00fcndung der Organisation, die am 31. Januar 1990 unter dem Namen Tschechoslowakisch-\u00d6sterreichischer Freundschaftsklub offiziell registriert wurde. Nach der Teilung der Republik im Jahr 1993 wurde der Name in Klub der Freunde \u00d6sterreichs (KPR) ge\u00e4ndert.<\/p><p>\u00a0<\/p><p>Mitglieder des KPR sind neben den urspr\u00fcnglichen Tschechen Wiens auch deren Familienangeh\u00f6rige und sogenannte &#8222;Herzens\u00f6sterreicher&#8220;. Der Klub betrachtet es als Ehre, Pers\u00f6nlichkeiten aus dem diplomatischen, politischen und kulturellen Bereich unter seinen Mitgliedern zu haben. Der Klub wird von einem bei der j\u00e4hrlichen Mitgliederversammlung gew\u00e4hlten Vorstand geleitet und seine Aktivit\u00e4ten sind in den Statuten geregelt.<\/p>\t\t\t\t\t\t<\/div>\n\t\t\t\t<\/div>\n\t\t\t\t<div class=\"elementor-element elementor-element-9fdb291 elementor-widget elementor-widget-image\" data-id=\"9fdb291\" data-element_type=\"widget\" data-widget_type=\"image.default\">\n\t\t\t\t<div class=\"elementor-widget-container\">\n\t\t\t\t\t\t\t\t\t\t\t\t\t<img fetchpriority=\"high\" decoding=\"async\" width=\"2400\" height=\"1600\" src=\"https:\/\/kprpraha.cz\/wp-content\/uploads\/2023\/06\/St.-Francis-of-Assisi-Church-.webp\" class=\"attachment-full size-full wp-image-1478\" alt=\"\" srcset=\"https:\/\/kprpraha.cz\/wp-content\/uploads\/2023\/06\/St.-Francis-of-Assisi-Church-.webp 2400w, https:\/\/kprpraha.cz\/wp-content\/uploads\/2023\/06\/St.-Francis-of-Assisi-Church--300x200.webp 300w, https:\/\/kprpraha.cz\/wp-content\/uploads\/2023\/06\/St.-Francis-of-Assisi-Church--1024x683.webp 1024w, https:\/\/kprpraha.cz\/wp-content\/uploads\/2023\/06\/St.-Francis-of-Assisi-Church--768x512.webp 768w, https:\/\/kprpraha.cz\/wp-content\/uploads\/2023\/06\/St.-Francis-of-Assisi-Church--1536x1024.webp 1536w, https:\/\/kprpraha.cz\/wp-content\/uploads\/2023\/06\/St.-Francis-of-Assisi-Church--2048x1365.webp 2048w\" sizes=\"(max-width: 2400px) 100vw, 2400px\" \/>\t\t\t\t\t\t\t\t\t\t\t\t\t<\/div>\n\t\t\t\t<\/div>\n\t\t\t\t<section class=\"elementor-section elementor-inner-section elementor-element elementor-element-d762106 elementor-section-boxed elementor-section-height-default elementor-section-height-default\" data-id=\"d762106\" data-element_type=\"section\">\n\t\t\t\t\t\t<div class=\"elementor-container elementor-column-gap-default\">\n\t\t\t\t\t<div class=\"elementor-column elementor-col-100 elementor-inner-column elementor-element elementor-element-08ec54c\" data-id=\"08ec54c\" data-element_type=\"column\">\n\t\t\t<div class=\"elementor-widget-wrap elementor-element-populated\">\n\t\t\t\t\t\t<div class=\"elementor-element elementor-element-d35be41 elementor-widget elementor-widget-heading\" data-id=\"d35be41\" data-element_type=\"widget\" data-widget_type=\"heading.default\">\n\t\t\t\t<div class=\"elementor-widget-container\">\n\t\t\t<h3 class=\"elementor-heading-title elementor-size-default\">Die Aktivit\u00e4ten des Vereins konzentrieren sich haupts\u00e4chlich auf folgende Bereiche:<\/h3>\t\t<\/div>\n\t\t\t\t<\/div>\n\t\t\t\t<div class=\"elementor-element elementor-element-8fa3d11 elementor-widget elementor-widget-text-editor\" data-id=\"8fa3d11\" data-element_type=\"widget\" data-widget_type=\"text-editor.default\">\n\t\t\t\t<div class=\"elementor-widget-container\">\n\t\t\t\t\t\t\t<p class=\"p1\">\u2022 Organisation von Vortr\u00e4gen und Diskussionen \u00fcber die Geschichte und das aktuelle Leben und Geschehen in \u00d6sterreich und der Tschechischen Republik.<\/p><p class=\"p1\">\u2022 Organisation von Touren zur Erkundung kultureller und historischer Denkm\u00e4ler in \u00d6sterreich und in den Grenzregionen beider Republiken.<\/p><p class=\"p1\">\u2022 F\u00f6rderung der tschechischen Kultur, Organisation von Kulturspazierg\u00e4ngen und Besuch von kulturellen Veranstaltungen.<\/p><p class=\"p1\">\u2022 Pr\u00e4sentation der Ergebnisse der Zusammenarbeit zwischen der Universit\u00e4t Wien und der Karlsuniversit\u00e4t in Prag im Rahmen eines wissenschaftlichen Forschungsprojekts auf dem Gebiet der Alltagsgeschichte, einschlie\u00dflich der Lebenserinnerungen von Wiener Tschechen, die in der Dokumentensammlung &#8222;Damit es nicht verloren geht &#8230;&#8220; zusammengestellt wurden<\/p><p>\u00a0<\/p><p class=\"p1\">\u2022 Vertiefung der freundschaftlichen Beziehungen zu tschechischen Organisationen in Wien.<\/p><p class=\"p1\">\u2022 Rekrutierung der jungen Generation f\u00fcr die Aktivit\u00e4ten des Klubs und Unterst\u00fctzung ihrer Aktivit\u00e4ten zur Verbreitung der tschechischen Kultur im In- und Ausland.<\/p><p class=\"p1\">\u2022 Zusammenarbeit mit \u00f6sterreichischen Organisationen in der Tschechischen Republik und im Ausland.<\/p>\t\t\t\t\t\t<\/div>\n\t\t\t\t<\/div>\n\t\t\t\t\t<\/div>\n\t\t<\/div>\n\t\t\t\t\t<\/div>\n\t\t<\/section>\n\t\t\t\t\t<\/div>\n\t\t<\/div>\n\t\t\t\t\t<\/div>\n\t\t<\/section>\n\t\t\t\t<\/div>\n\t\t","protected":false},"excerpt":{"rendered":"<p>\u00dcber uns Seit den siebziger Jahren treffen sich geb\u00fcrtige \u00d6sterreicher, Absolventen der Berufsschulen des Komensk\u00fd-Vereins in Wien, um in Erinnerungen an ihre geliebte Heimatstadt Wien zu schwelgen, wo sie ihre Kindheit verbrachten, wo sie studierten und arbeiteten und meist bis zum Zweiten Weltkrieg lebten. \u00a0 W\u00e4hrend des Treffens im Jahr 1989 versammelten sich unerwartet etwa [&hellip;]<\/p>\n","protected":false},"author":2,"featured_media":0,"parent":0,"menu_order":0,"comment_status":"closed","ping_status":"closed","template":"","meta":{"site-sidebar-layout":"no-sidebar","site-content-layout":"page-builder","ast-site-content-layout":"","site-content-style":"default","site-sidebar-style":"default","ast-global-header-display":"","ast-banner-title-visibility":"","ast-main-header-display":"","ast-hfb-above-header-display":"","ast-hfb-below-header-display":"","ast-hfb-mobile-header-display":"","site-post-title":"disabled","ast-breadcrumbs-content":"","ast-featured-img":"disabled","footer-sml-layout":"","theme-transparent-header-meta":"enabled","adv-header-id-meta":"","stick-header-meta":"","header-above-stick-meta":"","header-main-stick-meta":"","header-below-stick-meta":"","astra-migrate-meta-layouts":"default","ast-page-background-enabled":"default","ast-page-background-meta":{"desktop":{"background-color":"var(--ast-global-color-4)","background-image":"","background-repeat":"repeat","background-position":"center center","background-size":"auto","background-attachment":"scroll","background-type":"","background-media":"","overlay-type":"","overlay-color":"","overlay-opacity":"","overlay-gradient":""},"tablet":{"background-color":"","background-image":"","background-repeat":"repeat","background-position":"center center","background-size":"auto","background-attachment":"scroll","background-type":"","background-media":"","overlay-type":"","overlay-color":"","overlay-opacity":"","overlay-gradient":""},"mobile":{"background-color":"","background-image":"","background-repeat":"repeat","background-position":"center center","background-size":"auto","background-attachment":"scroll","background-type":"","background-media":"","overlay-type":"","overlay-color":"","overlay-opacity":"","overlay-gradient":""}},"ast-content-background-meta":{"desktop":{"background-color":"var(--ast-global-color-5)","background-image":"","background-repeat":"repeat","background-position":"center center","background-size":"auto","background-attachment":"scroll","background-type":"","background-media":"","overlay-type":"","overlay-color":"","overlay-opacity":"","overlay-gradient":""},"tablet":{"background-color":"var(--ast-global-color-5)","background-image":"","background-repeat":"repeat","background-position":"center center","background-size":"auto","background-attachment":"scroll","background-type":"","background-media":"","overlay-type":"","overlay-color":"","overlay-opacity":"","overlay-gradient":""},"mobile":{"background-color":"var(--ast-global-color-5)","background-image":"","background-repeat":"repeat","background-position":"center center","background-size":"auto","background-attachment":"scroll","background-type":"","background-media":"","overlay-type":"","overlay-color":"","overlay-opacity":"","overlay-gradient":""}},"footnotes":""},"class_list":["post-1910","page","type-page","status-publish","hentry"],"_links":{"self":[{"href":"https:\/\/kprpraha.cz\/index.php?rest_route=\/wp\/v2\/pages\/1910","targetHints":{"allow":["GET"]}}],"collection":[{"href":"https:\/\/kprpraha.cz\/index.php?rest_route=\/wp\/v2\/pages"}],"about":[{"href":"https:\/\/kprpraha.cz\/index.php?rest_route=\/wp\/v2\/types\/page"}],"author":[{"embeddable":true,"href":"https:\/\/kprpraha.cz\/index.php?rest_route=\/wp\/v2\/users\/2"}],"replies":[{"embeddable":true,"href":"https:\/\/kprpraha.cz\/index.php?rest_route=%2Fwp%2Fv2%2Fcomments&post=1910"}],"version-history":[{"count":16,"href":"https:\/\/kprpraha.cz\/index.php?rest_route=\/wp\/v2\/pages\/1910\/revisions"}],"predecessor-version":[{"id":2054,"href":"https:\/\/kprpraha.cz\/index.php?rest_route=\/wp\/v2\/pages\/1910\/revisions\/2054"}],"wp:attachment":[{"href":"https:\/\/kprpraha.cz\/index.php?rest_route=%2Fwp%2Fv2%2Fmedia&parent=1910"}],"curies":[{"name":"wp","href":"https:\/\/api.w.org\/{rel}","templated":true}]}}