{"id":2030,"date":"2023-07-25T12:23:41","date_gmt":"2023-07-25T12:23:41","guid":{"rendered":"http:\/\/kprpraha.cz\/?page_id=2030"},"modified":"2023-10-23T10:58:38","modified_gmt":"2023-10-23T10:58:38","slug":"aktuality","status":"publish","type":"page","link":"http:\/\/kprpraha.cz\/?page_id=2030","title":{"rendered":"Aktuality"},"content":{"rendered":"\t\t<div data-elementor-type=\"wp-page\" data-elementor-id=\"2030\" class=\"elementor elementor-2030\">\n\t\t\t\t\t\t<section class=\"elementor-section elementor-top-section elementor-element elementor-element-83746e8 elementor-section-height-min-height elementor-section-boxed elementor-section-height-default elementor-section-items-middle\" data-id=\"83746e8\" data-element_type=\"section\" data-settings=\"{&quot;background_background&quot;:&quot;classic&quot;}\">\n\t\t\t\t\t\t\t<div class=\"elementor-background-overlay\"><\/div>\n\t\t\t\t\t\t\t<div class=\"elementor-container elementor-column-gap-default\">\n\t\t\t\t\t<div class=\"elementor-column elementor-col-100 elementor-top-column elementor-element elementor-element-09faee3\" data-id=\"09faee3\" data-element_type=\"column\">\n\t\t\t<div class=\"elementor-widget-wrap elementor-element-populated\">\n\t\t\t\t\t\t<div class=\"elementor-element elementor-element-c7152a9 elementor-widget elementor-widget-heading\" data-id=\"c7152a9\" data-element_type=\"widget\" data-widget_type=\"heading.default\">\n\t\t\t\t<div class=\"elementor-widget-container\">\n\t\t\t<h1 class=\"elementor-heading-title elementor-size-default\">Aktuality<\/h1>\t\t<\/div>\n\t\t\t\t<\/div>\n\t\t\t\t\t<\/div>\n\t\t<\/div>\n\t\t\t\t\t<\/div>\n\t\t<\/section>\n\t\t\t\t<section class=\"elementor-section elementor-top-section elementor-element elementor-element-edd4bed elementor-section-boxed elementor-section-height-default elementor-section-height-default\" data-id=\"edd4bed\" data-element_type=\"section\">\n\t\t\t\t\t\t<div class=\"elementor-container elementor-column-gap-default\">\n\t\t\t\t\t<div class=\"elementor-column elementor-col-100 elementor-top-column elementor-element elementor-element-ced9c7d\" data-id=\"ced9c7d\" data-element_type=\"column\">\n\t\t\t<div class=\"elementor-widget-wrap elementor-element-populated\">\n\t\t\t\t\t\t<div class=\"elementor-element elementor-element-da14467 elementor-widget elementor-widget-posts\" data-id=\"da14467\" data-element_type=\"widget\" data-settings=\"{&quot;full_content_row_gap&quot;:{&quot;unit&quot;:&quot;px&quot;,&quot;size&quot;:35,&quot;sizes&quot;:[]}}\" data-widget_type=\"posts.full_content\">\n\t\t\t\t<div class=\"elementor-widget-container\">\n\t\t\t\t\t<div class=\"elementor-posts-container elementor-posts elementor-posts--skin-full_content elementor-grid\">\n\t\t\t\t<article class=\"elementor-post elementor-grid-item post-2238 post type-post status-publish format-standard hentry category-nezarazene-de\">\n\t\t\t\t<div class=\"elementor-post__text\">\n\t\t\t\t<h3 class=\"elementor-post__title\">\n\t\t\t<a href=\"http:\/\/kprpraha.cz\/?p=2238&amp;lang=de\" >\n\t\t\t\tDer Club der Freunde \u00d6sterreichs Prag besuchte Wien\t\t\t<\/a>\n\t\t<\/h3>\n\t\t\t\t<div class=\"elementor-post__meta-data\">\n\t\t\t\t\t<span class=\"elementor-post-author\">\n\t\t\tadmin\t\t<\/span>\n\t\t\t\t<span class=\"elementor-post-date\">\n\t\t\t15 prosince, 2023\t\t<\/span>\n\t\t\t\t<\/div>\n\t\t\n<p>Klub der Freunde \u00d6sterreichs Prag, Besuchte Anfang Oktober d.J. Wien und wir sind nach zehn Jahren wieder gekommen, um dem tschechischen Reisenden Dr. Emil Taub zu huldigen. Diesmal blieb es nicht nur beim Taubendenkmal stehen, sondern vor dem Tor des Zentralfriedhofs in Wien erwartete uns der Vorsitzende des Vereins Alumini &#8211; CZ -Austria Pavel Pachta, der uns die Geschichte dieses Friedhofs vorstellte und uns zu den Denkm\u00e4lern interessanter Pers\u00f6nlichkeiten f\u00fchrte, die auf dem Friedhof zum ewigen Schlaf aufbewahrt werden. \u00dcber diese Person erz\u00e4hlte er immer von seinem Leben und ging manchmal in die Geschichte fast der ganzen Familie ein. Er warnte uns vor interessanten Denkm\u00e4lern, wo es in der H\u00f6he einer wundersch\u00f6nen Statuengruppe gro\u00dfartig war und \u00fcber den Sch\u00f6pfer immer einen kurzen Zusatz beitragte. Wir verneigten uns vor den Gr\u00e4bern der \u00f6sterreichischen Pr\u00e4sidenten und verflochten uns weiter zu verschiedenen tschechischen Pers\u00f6nlichkeiten. Interessant war sicherlich ein Zwischenstopp bei unserem Bildhauer Hrdli\u010dka. F\u00fcr diese sch\u00f6ne Besichtigung des Zentralfriedhofs senden wir Herrn Pacht tausendfachen Dank. Es war toll! Treffen mit Freunden des Vereins Alumini \u2013 CZ \u2013 Austria planen wir f\u00fcr den Fr\u00fchling<\/p>\n\n\n\n<p>Am zweiten Tag des Aufenthaltes besuchten wir das Schloss Belvedere, wo wir uns auf eine Ausstellung von Kunstwerken sowohl \u00fcber den Gem\u00e4lden von modernen K\u00fcnstlern als auch barocken, jugendstilischen und anderen freuten. Am meisten haben wir uns bei unserem Liebling Klimt aufgehalten, wo wir uns vor seinem Bild \u201eKuss\u201c massenhaft verewigen lie\u00dfen.<\/p>\n\n\n\n<p>Mit den Worten : \u201eWien ist Wien\u201c verabschieden wir uns und freuen uns auf ein Wiedersehen im Fr\u00fchling in der Umarmung ihrer Sch\u00f6nheit.<\/p>\n\t\t<\/div>\n\t\t\t\t<\/article>\n\t\t\t\t<article class=\"elementor-post elementor-grid-item post-2235 post type-post status-publish format-standard hentry category-nezarazene-cs\">\n\t\t\t\t<div class=\"elementor-post__text\">\n\t\t\t\t<h3 class=\"elementor-post__title\">\n\t\t\t<a href=\"http:\/\/kprpraha.cz\/?p=2235\" >\n\t\t\t\tKlub p\u0159\u00e1tel Rakouska Praha nav\u0161t\u00edvil V\u00edde\u0148\t\t\t<\/a>\n\t\t<\/h3>\n\t\t\t\t<div class=\"elementor-post__meta-data\">\n\t\t\t\t\t<span class=\"elementor-post-author\">\n\t\t\tkprpraha\t\t<\/span>\n\t\t\t\t<span class=\"elementor-post-date\">\n\t\t\t15 prosince, 2023\t\t<\/span>\n\t\t\t\t<\/div>\n\t\t\n<p><strong>Klub p\u0159\u00e1tel Rakouska Praha, nav\u0161t\u00edvil za\u010d\u00e1tkem \u0159\u00edjna t.r. V\u00edde\u0148 a op\u011bt jsme se p\u0159i\u0161li po deseti letech poklonit \u010desk\u00e9mu cestovateli Dr, Emilu Holubovi. Tentokr\u00e1t nez\u016fstalo zastaven\u00ed pouze u pomn\u00edku Holuba, ale p\u0159ed br\u00e1nou Centr\u00e1ln\u00edho h\u0159bitova ve V\u00eddni n\u00e1s o\u010dek\u00e1val p\u0159edseda spolku Alumini &#8211; CZ -Austria Pavel Pachta, kter\u00fd n\u00e1s sezn\u00e1mil s histori\u00ed tohoto h\u0159bitova a provedl n\u00e1s k pomn\u00edk\u016fm zaj\u00edmav\u00fdch osobnost\u00ed, kter\u00e9 jsou na h\u0159bitov\u011b ulo\u017eeny k v\u011b\u010dn\u00e9mu sp\u00e1nku. O dan\u00e9 osob\u011b v\u017edy povypr\u00e1v\u011bl o jeho \u017eivot\u011b, a n\u011bkdy za\u0161el a\u017e do historie t\u00e9m\u011b\u0159 cel\u00e9ho rodu. Upozor\u0148oval n\u00e1s na zaj\u00edmav\u00e9 pomn\u00edky, kde se skv\u011bla do v\u00fd\u0161e p\u0159ekr\u00e1sn\u00e1 souso\u0161\u00ed a o tv\u016frci v\u017edy p\u0159ednesl kr\u00e1tk\u00fd dov\u011btek. Poklonili jsme se u hrob\u016f Rakousk\u00fdch prezident\u016f a d\u00e1le jsme se propletli k r\u016fzn\u00fdm \u010desk\u00fdm osobnostem. Zaj\u00edmav\u00e1 byla ur\u010dit\u011b zast\u00e1vka u na\u0161eho socha\u0159e Hrdli\u010dky. Za tuto kr\u00e1snou prohl\u00eddku Centr\u00e1ln\u00edho h\u0159bitova zas\u00edl\u00e1me panu Pachtovi tis\u00edcer\u00e9 d\u00edky. Bylo to skv\u011bl\u00e9! Setk\u00e1n\u00ed s p\u0159\u00e1teli spolku Alumini \u2013 CZ \u2013 Austria si pl\u00e1nujeme na jaro p\u0159\u00ed\u0161t\u00edho roku.<\/strong><\/p>\n\n\n\n<p><strong>Druh\u00fd den pobytu jsme nav\u0161t\u00edvili z\u00e1mek Belvedere, kde jsme se t\u011b\u0161ili na v\u00fdstav\u011b um\u011bleck\u00fdch d\u011bl jak nad obrazy novodob\u00fdch um\u011blc\u016f \u010di barokn\u00edch, secesn\u00edch a dal\u0161\u00edch. Nejv\u00edce jsme se zdr\u017eeli u na\u0161eho obl\u00edbence Klimta, kde jsme se p\u0159ed jeho obrazem \u201ePolibek\u201c nechali hromadn\u011b zv\u011b\u010dnit.&nbsp; <\/strong><strong>Se slovy : \u201eV\u00edde\u0148 je V\u00edde\u0148\u201c se lou\u010d\u00edme a t\u011b\u0161\u00edme se na ja\u0159e op\u011bt na setk\u00e1n\u00ed v objet\u00ed jej\u00ed kr\u00e1sy.<\/strong><\/p>\n\t\t<\/div>\n\t\t\t\t<\/article>\n\t\t\t\t<article class=\"elementor-post elementor-grid-item post-2232 post type-post status-publish format-standard hentry category-nezarazene-de\">\n\t\t\t\t<div class=\"elementor-post__text\">\n\t\t\t\t<h3 class=\"elementor-post__title\">\n\t\t\t<a href=\"http:\/\/kprpraha.cz\/?p=2232&amp;lang=de\" >\n\t\t\t\tVerleihung der Staatsauszeichnung an JUDr. Eva Rozto\u010dilov\u00e1, Vorsitzende des Klubs der Freunde \u00d6sterreichs\t\t\t<\/a>\n\t\t<\/h3>\n\t\t\t\t<div class=\"elementor-post__meta-data\">\n\t\t\t\t\t<span class=\"elementor-post-author\">\n\t\t\tadmin\t\t<\/span>\n\t\t\t\t<span class=\"elementor-post-date\">\n\t\t\t11 prosince, 2023\t\t<\/span>\n\t\t\t\t<\/div>\n\t\t\n<p>Ich m\u00f6chte Sie sehr kurz mit der T\u00e4tigkeit und den Interessen des Klubs der Freunde \u00d6sterreichs, Prag, bekannt machen, der urspr\u00fcnglich aus den vertriebenen Tschechen w\u00e4hrend des Zweiten Weltkrieges entstand, aus \u00d6sterreich stammend, die fachkundige Schulen und Kinderg\u00e4rten unter dem Schulverein Komensk\u00fd in Wien absolvierten. Diese Einheimischen trafen sich in Prag seit den siebziger Jahren des letzten Jahrhunderts in verschiedenen Caf\u00e9s oder Weinstuben, um sich gemeinsam an ihre geliebte Stadt Wien zu erinnern, wo sie ihre Kindheit, kalte Jahre oder Liebe erlebten.<br>Nach der Samtenen Revolution in der Tschechoslowakei trafen sich auf Einladung rund 600 Landsleute auf der \u017dof\u00edn-Insel in Prag und beschlossen, einen Verein zu gr\u00fcnden, dessen T\u00e4tigkeit auf Reisen, Ausstellungen, Vortr\u00e4ge und Vortr\u00e4ge \u00fcber \u00d6sterreich ausgerichtet sein wird. Der Verein wurde am 31.1.1990 gegr\u00fcndet. Bei seiner Geburt stand der erste Vorsitzende, Herr Josef Most. Der Verein bem\u00fchte sich, m\u00f6glichst viele Informationen \u00fcber \u00d6sterreich ins Bewusstsein der Menschen zu bringen, um die Zusammenarbeit und den pers\u00f6nlichen Umgang mit den Menschen dieses Landes zu verbessern, dessen Ziel es ist, auch ihre Kultur, Geschichte, Architektur, Wirtschaft, Politik usw. kennenzulernen. Gleichzeitig kooperiert der Verein mit verschiedenen Institutionen in Wien, wie z.B. der Universit\u00e4t Wien, aber auch der Karlsuniversit\u00e4t Prag, dem Akademischen Verein Wien, dem Schulverein Komensk\u00fd, dem Kulturklub Wien sowie der Botschaft B\u00f6hmens in Wien und \u00d6sterreich in Prag und weiteren Institutionen.<br>In den 33 Jahren des Vereins fanden \u00fcber 400 Vortr\u00e4ge, rund 80 Vortr\u00e4ge, 48 Ausfl\u00fcge, 12 Ausstellungen und weitere interessante Projekte statt. Besonders in den letzten Jahren lebt der Verein sehr intensiv, er nimmt immer neue Mitglieder auf, denn im Laufe der Jahre sind schon viele von ihnen f\u00fcr immer gegangen, und seine Hauptidee war der Wunsch, \u00d6sterreich kennenzulernen.<br>Der Verein h\u00e4lt bis heute an und tr\u00e4gt den Namen Verein der Freunde \u00d6sterreichs, z.s. und steht seit vielen Jahren an der Spitze der Vorsitzenden frau Dr. Eva Rozto\u010dilov\u00e1, die in diesem Jahr f\u00fcr ihr hervorragendes Engagement und ihre verdienstvolle Arbeit zur F\u00f6rderung \u00d6sterreichs in unserem Land, auf Initiative der \u00f6sterreichischen Botschafterin Dr. Bettina Kirnbauer, verliehen vom Pr\u00e4sidenten der Republik \u00d6sterreich, Herrn Alexander Van der Bellen, die \u201eGoldene Ehrenauszeichnung f\u00fcr Verdienste um die Republik \u00d6sterreich\u201c, die sie mit aufrichtiger Freude am 24. Herzlichen Gl\u00fcckwunsch zu diesem Erfolg!<\/p>\n\n\n\n<p>F\u00fcr den Club der Freunde \u00d6sterreichs, z.s. Prag<br>Stellvertretende Frau Mark\u00e9ta Stanov\u00e1<\/p>\n\t\t<\/div>\n\t\t\t\t<\/article>\n\t\t\t\t<article class=\"elementor-post elementor-grid-item post-1 post type-post status-publish format-standard hentry category-nezarazene-cs\">\n\t\t\t\t<div class=\"elementor-post__text\">\n\t\t\t\t<h3 class=\"elementor-post__title\">\n\t\t\t<a href=\"http:\/\/kprpraha.cz\/?p=1\" >\n\t\t\t\tUd\u011blen\u00ed st\u00e1tn\u00edho vyznamen\u00e1n\u00ed JUDr. Ev\u011b Rozto\u010dilov\u00e9, p\u0159edsedkyni Klubu p\u0159\u00e1tel Rakouska\t\t\t<\/a>\n\t\t<\/h3>\n\t\t\t\t<div class=\"elementor-post__meta-data\">\n\t\t\t\t\t<span class=\"elementor-post-author\">\n\t\t\tkprpraha\t\t<\/span>\n\t\t\t\t<span class=\"elementor-post-date\">\n\t\t\t16 \u010dervna, 2023\t\t<\/span>\n\t\t\t\t<\/div>\n\t\t\n<p>Cht\u011bla bych v\u00e1s velice stru\u010dn\u011b sezn\u00e1mit s \u010dinnost\u00ed a z\u00e1jmy Klubu p\u0159\u00e1tel Rakouska, Praha, kter\u00fd vznikl p\u016fvodn\u011b z odsunut\u00fdch \u010cech\u016f za 2. sv\u011btov\u00e9 v\u00e1lky, rod\u00e1k\u016f z Rakouska, kte\u0159\u00ed absolvovali odborn\u00e9 \u0161koly i mate\u0159sk\u00e9 \u0161kolky pod \u0161kolsk\u00fdm spolkem Komensk\u00fdm ve V\u00eddni. Tito rod\u00e1ci se v Praze sch\u00e1zeli od sedmdes\u00e1t\u00fdch let minul\u00e9ho stolet\u00ed po r\u016fzn\u00fdch kav\u00e1rn\u00e1ch \u010di vin\u00e1rn\u00e1ch, aby si mohli spole\u010dn\u011b zavzpom\u00ednat na sv\u00e9 milovan\u00e9 m\u011bsto V\u00edde\u0148, kde pro\u017eili sv\u00e9 d\u011btstv\u00ed, studensk\u00e1 l\u00e9ta \u010di l\u00e1sky.<\/p>\n\n\n\n<p>Po sametov\u00e9 revoluci v \u010ceskoslovensku na z\u00e1klad\u011b v\u00fdzvy se se\u0161lo na 600 rod\u00e1k\u016f na \u017dof\u00ednsk\u00e9m ostrov\u011b v Praze a rozhodli se, \u017ee zalo\u017e\u00ed spolek, jeho\u017e \u010dinnost bude zam\u011b\u0159ena na z\u00e1jezdy, v\u00fdstavy, p\u0159edn\u00e1\u0161ky a besedy o Rakousku.<\/p>\n\n\n\n<p>Spolek byl zalo\u017een 31.1.1990. U jeho zrodu st\u00e1l prvn\u00ed p\u0159edseda pan Ing. Josef Most. Spolek se sna\u017eil, aby se co nejv\u00edce informac\u00ed o Rakousku dostalo do pov\u011bdom\u00ed lid\u00ed, aby se zlep\u0161ila vz\u00e1jemn\u00e1 spolupr\u00e1ce a jejich osobn\u00ed p\u0159\u00edstup k lidem t\u00e9to zem\u011b, jeho\u017e c\u00edlem je i pozn\u00e1v\u00e1n\u00ed jejich kultury, historie, architektury, ekonomiky, politiky atd. Z\u00e1rove\u0148 spolek spolupracuje s r\u016fzn\u00fdmi institucemi ve V\u00eddni jako nap\u0159. s V\u00edde\u0148skou univerzitou, ale i Karlovou univerzitou v Praze, s Akademick\u00fdm spolkem ve V\u00eddni, se \u0161kolsk\u00fdm spolkem Komensk\u00fd, s Kulturn\u00edm klubem ve V\u00eddni i s velvyslanectv\u00edm jak \u010cesk\u00fdm ve V\u00eddni tak Rakousk\u00fdm v Praze a dal\u0161\u00edmi institucemi.<\/p>\n\n\n\n<p>Za 33 let trv\u00e1n\u00ed spolku se uskute\u010dnilo p\u0159es 400 p\u0159edn\u00e1\u0161ek, kolem 80 besed, 48 v\u00fdlet\u016f, 12 v\u00fdstav a dal\u0161\u00edch zaj\u00edmav\u00fdch projekt\u016f. Zvl\u00e1\u0161t\u011b za posledn\u00ed l\u00e9ta spolek velice intenzivn\u011b \u017eije, p\u0159ij\u00edm\u00e1 st\u00e1le nov\u00e9 \u010dleny, nebo\u0165 jich za ta l\u00e9ta ji\u017e mnoho ode\u0161lo nav\u011bky, a jeho hlavn\u00ed my\u0161lenkou se stala touha po pozn\u00e1v\u00e1n\u00ed Rakouska.<\/p>\n\n\n\n<p>Spolek p\u0159etrv\u00e1v\u00e1 dodnes a nese n\u00e1zev Klub p\u0159\u00e1tel Rakouska, z.s. a ji\u017e spoustu let stoj\u00ed v\u010dele p\u0159edsedkyn\u011b pan\u00ed JUDr. Eva Rozto\u010dilov\u00e1, kter\u00e9 bylo v tomto roce za jej\u00ed vynikaj\u00edc\u00ed ob\u011btavost a z\u00e1slu\u017enou pr\u00e1ci o propagaci Rakouska v na\u0161\u00ed zemi, z podn\u011btu rakousk\u00e9 velvyslankyn\u011b Dr. Bettiny Kirnbauer, prop\u016fj\u010deno prezidentem Rakousk\u00e9 republiky, panem Alexanderem Van der Bellenem \u201eZlat\u00e9 \u010destn\u00e9 vyznamen\u00e1n\u00ed za z\u00e1sluhy o Rakouskou republiku\u201c, kter\u00e9 s up\u0159\u00edmnou radosti p\u0159ijala dne 24.5.2023 v rezidenci rakousk\u00e9 velvyslankyn\u011b.<\/p>\n\n\n\n<p>Gratulujeme k tomuto \u00fasp\u011bchu!<\/p>\n\n\n\n<p>Za Klub p\u0159\u00e1tel Rakouska, z.s. Praha<br>z\u00e1stupkyn\u011b Ing. Mark\u00e9ta Stanov\u00e1<\/p>\n\t\t<\/div>\n\t\t\t\t<\/article>\n\t\t\t\t<\/div>\n\t\t\n\t\t\t\t<\/div>\n\t\t\t\t<\/div>\n\t\t\t\t\t<\/div>\n\t\t<\/div>\n\t\t\t\t\t<\/div>\n\t\t<\/section>\n\t\t\t\t<\/div>\n\t\t","protected":false},"excerpt":{"rendered":"<p>Aktuality<\/p>\n","protected":false},"author":2,"featured_media":0,"parent":0,"menu_order":0,"comment_status":"closed","ping_status":"closed","template":"","meta":{"site-sidebar-layout":"no-sidebar","site-content-layout":"page-builder","ast-site-content-layout":"","site-content-style":"default","site-sidebar-style":"default","ast-global-header-display":"","ast-banner-title-visibility":"","ast-main-header-display":"","ast-hfb-above-header-display":"","ast-hfb-below-header-display":"","ast-hfb-mobile-header-display":"","site-post-title":"disabled","ast-breadcrumbs-content":"","ast-featured-img":"disabled","footer-sml-layout":"","theme-transparent-header-meta":"enabled","adv-header-id-meta":"","stick-header-meta":"","header-above-stick-meta":"","header-main-stick-meta":"","header-below-stick-meta":"","astra-migrate-meta-layouts":"default","ast-page-background-enabled":"default","ast-page-background-meta":{"desktop":{"background-color":"var(--ast-global-color-4)","background-image":"","background-repeat":"repeat","background-position":"center center","background-size":"auto","background-attachment":"scroll","background-type":"","background-media":"","overlay-type":"","overlay-color":"","overlay-opacity":"","overlay-gradient":""},"tablet":{"background-color":"","background-image":"","background-repeat":"repeat","background-position":"center center","background-size":"auto","background-attachment":"scroll","background-type":"","background-media":"","overlay-type":"","overlay-color":"","overlay-opacity":"","overlay-gradient":""},"mobile":{"background-color":"","background-image":"","background-repeat":"repeat","background-position":"center center","background-size":"auto","background-attachment":"scroll","background-type":"","background-media":"","overlay-type":"","overlay-color":"","overlay-opacity":"","overlay-gradient":""}},"ast-content-background-meta":{"desktop":{"background-color":"var(--ast-global-color-5)","background-image":"","background-repeat":"repeat","background-position":"center center","background-size":"auto","background-attachment":"scroll","background-type":"","background-media":"","overlay-type":"","overlay-color":"","overlay-opacity":"","overlay-gradient":""},"tablet":{"background-color":"var(--ast-global-color-5)","background-image":"","background-repeat":"repeat","background-position":"center center","background-size":"auto","background-attachment":"scroll","background-type":"","background-media":"","overlay-type":"","overlay-color":"","overlay-opacity":"","overlay-gradient":""},"mobile":{"background-color":"var(--ast-global-color-5)","background-image":"","background-repeat":"repeat","background-position":"center center","background-size":"auto","background-attachment":"scroll","background-type":"","background-media":"","overlay-type":"","overlay-color":"","overlay-opacity":"","overlay-gradient":""}},"footnotes":""},"class_list":["post-2030","page","type-page","status-publish","hentry"],"_links":{"self":[{"href":"http:\/\/kprpraha.cz\/index.php?rest_route=\/wp\/v2\/pages\/2030","targetHints":{"allow":["GET"]}}],"collection":[{"href":"http:\/\/kprpraha.cz\/index.php?rest_route=\/wp\/v2\/pages"}],"about":[{"href":"http:\/\/kprpraha.cz\/index.php?rest_route=\/wp\/v2\/types\/page"}],"author":[{"embeddable":true,"href":"http:\/\/kprpraha.cz\/index.php?rest_route=\/wp\/v2\/users\/2"}],"replies":[{"embeddable":true,"href":"http:\/\/kprpraha.cz\/index.php?rest_route=%2Fwp%2Fv2%2Fcomments&post=2030"}],"version-history":[{"count":23,"href":"http:\/\/kprpraha.cz\/index.php?rest_route=\/wp\/v2\/pages\/2030\/revisions"}],"predecessor-version":[{"id":2157,"href":"http:\/\/kprpraha.cz\/index.php?rest_route=\/wp\/v2\/pages\/2030\/revisions\/2157"}],"wp:attachment":[{"href":"http:\/\/kprpraha.cz\/index.php?rest_route=%2Fwp%2Fv2%2Fmedia&parent=2030"}],"curies":[{"name":"wp","href":"https:\/\/api.w.org\/{rel}","templated":true}]}}