{"id":15,"date":"2021-11-21T15:14:41","date_gmt":"2021-11-21T15:14:41","guid":{"rendered":"http:\/\/kprpraha.cz\/services\/"},"modified":"2026-02-14T21:39:18","modified_gmt":"2026-02-14T21:39:18","slug":"program","status":"publish","type":"page","link":"http:\/\/kprpraha.cz\/?page_id=15","title":{"rendered":"Program"},"content":{"rendered":"\t\t<div data-elementor-type=\"wp-page\" data-elementor-id=\"15\" class=\"elementor elementor-15\">\n\t\t\t\t\t\t<section class=\"elementor-section elementor-top-section elementor-element elementor-element-83746e8 elementor-section-height-min-height elementor-section-boxed elementor-section-height-default elementor-section-items-middle\" data-id=\"83746e8\" data-element_type=\"section\" data-settings=\"{&quot;background_background&quot;:&quot;classic&quot;}\">\n\t\t\t\t\t\t\t<div class=\"elementor-background-overlay\"><\/div>\n\t\t\t\t\t\t\t<div class=\"elementor-container elementor-column-gap-default\">\n\t\t\t\t\t<div class=\"elementor-column elementor-col-100 elementor-top-column elementor-element elementor-element-09faee3\" data-id=\"09faee3\" data-element_type=\"column\">\n\t\t\t<div class=\"elementor-widget-wrap elementor-element-populated\">\n\t\t\t\t\t\t<div class=\"elementor-element elementor-element-c7152a9 elementor-widget elementor-widget-heading\" data-id=\"c7152a9\" data-element_type=\"widget\" data-widget_type=\"heading.default\">\n\t\t\t\t<div class=\"elementor-widget-container\">\n\t\t\t<h1 class=\"elementor-heading-title elementor-size-default\">Program<\/h1>\t\t<\/div>\n\t\t\t\t<\/div>\n\t\t\t\t\t<\/div>\n\t\t<\/div>\n\t\t\t\t\t<\/div>\n\t\t<\/section>\n\t\t\t\t<section class=\"elementor-section elementor-top-section elementor-element elementor-element-1f8eca0 elementor-section-boxed elementor-section-height-default elementor-section-height-default\" data-id=\"1f8eca0\" data-element_type=\"section\">\n\t\t\t\t\t\t<div class=\"elementor-container elementor-column-gap-default\">\n\t\t\t\t\t<div class=\"elementor-column elementor-col-100 elementor-top-column elementor-element elementor-element-79ba946\" data-id=\"79ba946\" data-element_type=\"column\">\n\t\t\t<div class=\"elementor-widget-wrap elementor-element-populated\">\n\t\t\t\t\t\t<div class=\"elementor-element elementor-element-a9c5939 elementor-widget elementor-widget-heading\" data-id=\"a9c5939\" data-element_type=\"widget\" data-widget_type=\"heading.default\">\n\t\t\t\t<div class=\"elementor-widget-container\">\n\t\t\t<h1 class=\"elementor-heading-title elementor-size-default\">2025<\/h1>\t\t<\/div>\n\t\t\t\t<\/div>\n\t\t\t\t\t<\/div>\n\t\t<\/div>\n\t\t\t\t\t<\/div>\n\t\t<\/section>\n\t\t\t\t<section class=\"elementor-section elementor-top-section elementor-element elementor-element-1017383 elementor-section-boxed elementor-section-height-default elementor-section-height-default\" data-id=\"1017383\" data-element_type=\"section\">\n\t\t\t\t\t\t<div class=\"elementor-container elementor-column-gap-default\">\n\t\t\t\t\t<div class=\"elementor-column elementor-col-100 elementor-top-column elementor-element elementor-element-3b4a276\" data-id=\"3b4a276\" data-element_type=\"column\">\n\t\t\t<div class=\"elementor-widget-wrap elementor-element-populated\">\n\t\t\t\t\t\t<div class=\"elementor-element elementor-element-09e9d3d elementor-widget elementor-widget-accordion\" data-id=\"09e9d3d\" data-element_type=\"widget\" data-widget_type=\"accordion.default\">\n\t\t\t\t<div class=\"elementor-widget-container\">\n\t\t\t\t\t<div class=\"elementor-accordion\">\n\t\t\t\t\t\t\t<div class=\"elementor-accordion-item\">\n\t\t\t\t\t<div id=\"elementor-tab-title-1031\" class=\"elementor-tab-title\" data-tab=\"1\" role=\"button\" aria-controls=\"elementor-tab-content-1031\" aria-expanded=\"false\">\n\t\t\t\t\t\t\t\t\t\t\t\t\t<span class=\"elementor-accordion-icon elementor-accordion-icon-left\" aria-hidden=\"true\">\n\t\t\t\t\t\t\t\t\t\t\t\t\t\t\t<span class=\"elementor-accordion-icon-closed\"><i class=\"fas fa-plus\"><\/i><\/span>\n\t\t\t\t\t\t\t\t<span class=\"elementor-accordion-icon-opened\"><i class=\"fas fa-minus\"><\/i><\/span>\n\t\t\t\t\t\t\t\t\t\t\t\t\t\t<\/span>\n\t\t\t\t\t\t\t\t\t\t\t\t<a class=\"elementor-accordion-title\" tabindex=\"0\">Leden<\/a>\n\t\t\t\t\t<\/div>\n\t\t\t\t\t<div id=\"elementor-tab-content-1031\" class=\"elementor-tab-content elementor-clearfix\" data-tab=\"1\" role=\"region\" aria-labelledby=\"elementor-tab-title-1031\"><p><b>Dne 27.ledna 2026 \/\u00fater\u00fd<\/b><span style=\"font-weight: 400;\">\/ <\/span><b>v\u00a015.30<\/b><span style=\"font-weight: 400;\"> h<\/span> <span style=\"font-weight: 400;\">v p\u0159edn\u00e1\u0161kov\u00e9m s\u00e1le v\u00a0Revplu\u010dn\u00ed 5, Praha 1<\/span><\/p><p><b>T\u00c9MA :<\/b><span style=\"font-weight: 400;\"> \u00dastup gener\u00e1la Kutuzova od Braunau am Inn k Olomouci<\/span><\/p><p><b>P\u0159edn\u00e1\u0161\u00ed: V\u00e1clav Kulle<\/b><\/p><\/div>\n\t\t\t\t<\/div>\n\t\t\t\t\t\t\t<div class=\"elementor-accordion-item\">\n\t\t\t\t\t<div id=\"elementor-tab-title-1032\" class=\"elementor-tab-title\" data-tab=\"2\" role=\"button\" aria-controls=\"elementor-tab-content-1032\" aria-expanded=\"false\">\n\t\t\t\t\t\t\t\t\t\t\t\t\t<span class=\"elementor-accordion-icon elementor-accordion-icon-left\" aria-hidden=\"true\">\n\t\t\t\t\t\t\t\t\t\t\t\t\t\t\t<span class=\"elementor-accordion-icon-closed\"><i class=\"fas fa-plus\"><\/i><\/span>\n\t\t\t\t\t\t\t\t<span class=\"elementor-accordion-icon-opened\"><i class=\"fas fa-minus\"><\/i><\/span>\n\t\t\t\t\t\t\t\t\t\t\t\t\t\t<\/span>\n\t\t\t\t\t\t\t\t\t\t\t\t<a class=\"elementor-accordion-title\" tabindex=\"0\">\u00danor<\/a>\n\t\t\t\t\t<\/div>\n\t\t\t\t\t<div id=\"elementor-tab-content-1032\" class=\"elementor-tab-content elementor-clearfix\" data-tab=\"2\" role=\"region\" aria-labelledby=\"elementor-tab-title-1032\"><p><b>Dne 17.\u00fanora 2026\/ \u00fater\u00fd\/ v\u00a0<\/b><b>17.00 h<\/b><span style=\"font-weight: 400;\">\u00a0 v\u00a0p\u0159edn\u00e1\u0161kov\u00e9m s\u00e1le v\u00a0Revolu\u010dn\u00ed 5, Praha 1\u00a0<\/span><\/p><p><b>T\u00c9MA: Kry\u0161tof Alois Lautner, duchovn\u00ed mezi \u010darod\u011bjnicemi<\/b><\/p><p><b>P\u0159edn\u00e1\u0161\u00ed <\/b><span style=\"font-weight: 400;\">: <\/span><b>Prof.\u00a0PhDr.\u00a0Jaroslav \u010cechura DrSc<\/b><b>\u00a0 \u00a0 <\/b><\/p><\/div>\n\t\t\t\t<\/div>\n\t\t\t\t\t\t\t<div class=\"elementor-accordion-item\">\n\t\t\t\t\t<div id=\"elementor-tab-title-1033\" class=\"elementor-tab-title\" data-tab=\"3\" role=\"button\" aria-controls=\"elementor-tab-content-1033\" aria-expanded=\"false\">\n\t\t\t\t\t\t\t\t\t\t\t\t\t<span class=\"elementor-accordion-icon elementor-accordion-icon-left\" aria-hidden=\"true\">\n\t\t\t\t\t\t\t\t\t\t\t\t\t\t\t<span class=\"elementor-accordion-icon-closed\"><i class=\"fas fa-plus\"><\/i><\/span>\n\t\t\t\t\t\t\t\t<span class=\"elementor-accordion-icon-opened\"><i class=\"fas fa-minus\"><\/i><\/span>\n\t\t\t\t\t\t\t\t\t\t\t\t\t\t<\/span>\n\t\t\t\t\t\t\t\t\t\t\t\t<a class=\"elementor-accordion-title\" tabindex=\"0\">B\u0159ezen<\/a>\n\t\t\t\t\t<\/div>\n\t\t\t\t\t<div id=\"elementor-tab-content-1033\" class=\"elementor-tab-content elementor-clearfix\" data-tab=\"3\" role=\"region\" aria-labelledby=\"elementor-tab-title-1033\"><p><b>Dne 18. b\u0159ezna 2026 \/st\u0159eda\/ v <\/b><b>17 h<\/b><b>\u00a0 v <\/b><span style=\"font-weight: 400;\">p\u0159edn\u00e1\u0161kov\u00e9m s\u00e1le v Revolu\u010dn\u00ed 5, Praha 1.<\/span><\/p><p><b>T\u00c9MA: Wolfgang Amadeus Mozart 270 let \u00famrt\u00ed<\/b><\/p><p><b>P\u0159edn\u00e1\u0161\u00ed : Ing. Gabriela Kalinov\u00e1<\/b><\/p><\/div>\n\t\t\t\t<\/div>\n\t\t\t\t\t\t\t<div class=\"elementor-accordion-item\">\n\t\t\t\t\t<div id=\"elementor-tab-title-1034\" class=\"elementor-tab-title\" data-tab=\"4\" role=\"button\" aria-controls=\"elementor-tab-content-1034\" aria-expanded=\"false\">\n\t\t\t\t\t\t\t\t\t\t\t\t\t<span class=\"elementor-accordion-icon elementor-accordion-icon-left\" aria-hidden=\"true\">\n\t\t\t\t\t\t\t\t\t\t\t\t\t\t\t<span class=\"elementor-accordion-icon-closed\"><i class=\"fas fa-plus\"><\/i><\/span>\n\t\t\t\t\t\t\t\t<span class=\"elementor-accordion-icon-opened\"><i class=\"fas fa-minus\"><\/i><\/span>\n\t\t\t\t\t\t\t\t\t\t\t\t\t\t<\/span>\n\t\t\t\t\t\t\t\t\t\t\t\t<a class=\"elementor-accordion-title\" tabindex=\"0\">Duben<\/a>\n\t\t\t\t\t<\/div>\n\t\t\t\t\t<div id=\"elementor-tab-content-1034\" class=\"elementor-tab-content elementor-clearfix\" data-tab=\"4\" role=\"region\" aria-labelledby=\"elementor-tab-title-1034\"><p><b>Dne 21. dubna 2026 \/\u00fater\u00fd\/ v\u00a015 h<\/b><span style=\"font-weight: 400;\"> v p\u0159edn\u00e1\u0161kov\u00e9m s\u00e1le RKF, Jungmannovo n\u00e1m. 18, Praha 1.<\/span><\/p><p><b>T\u00c9MA: Alois Negrelli, pr\u016fkopn\u00edk v\u00fdstavby \u017eeleznice<\/b><\/p><p class=\"p1\"><b>P\u0159edn\u00e1\u0161\u00ed <\/b><span style=\"font-weight: 400;\">: P<\/span><b>rof. doc. Milan Hlava\u010dka, DrCs.<\/b><b> \u00a0 <\/b><\/p><\/div>\n\t\t\t\t<\/div>\n\t\t\t\t\t\t\t<div class=\"elementor-accordion-item\">\n\t\t\t\t\t<div id=\"elementor-tab-title-1035\" class=\"elementor-tab-title\" data-tab=\"5\" role=\"button\" aria-controls=\"elementor-tab-content-1035\" aria-expanded=\"false\">\n\t\t\t\t\t\t\t\t\t\t\t\t\t<span class=\"elementor-accordion-icon elementor-accordion-icon-left\" aria-hidden=\"true\">\n\t\t\t\t\t\t\t\t\t\t\t\t\t\t\t<span class=\"elementor-accordion-icon-closed\"><i class=\"fas fa-plus\"><\/i><\/span>\n\t\t\t\t\t\t\t\t<span class=\"elementor-accordion-icon-opened\"><i class=\"fas fa-minus\"><\/i><\/span>\n\t\t\t\t\t\t\t\t\t\t\t\t\t\t<\/span>\n\t\t\t\t\t\t\t\t\t\t\t\t<a class=\"elementor-accordion-title\" tabindex=\"0\">Kv\u011bten<\/a>\n\t\t\t\t\t<\/div>\n\t\t\t\t\t<div id=\"elementor-tab-content-1035\" class=\"elementor-tab-content elementor-clearfix\" data-tab=\"5\" role=\"region\" aria-labelledby=\"elementor-tab-title-1035\"><p><b>Dne 12. kv\u011btna 2026 \/\u00fater\u00fd\/ v\u00a0<\/b><b>17<\/b> <b>h <\/b><span style=\"font-weight: 400;\">v<\/span> <span style=\"font-weight: 400;\">p\u0159edn\u00e1\u0161kov\u00e9m s\u00e1le v Revolu\u010dn\u00ed 5, Praha 1.<\/span><\/p><p><b>T\u00c9MA: Ludv\u00edk Jagelonsk\u00fd 500 let v\u00fdro\u010d\u00ed \u00famrt\u00ed<\/b><\/p><p><b>P\u0159edn\u00e1\u0161\u00ed <\/b><span style=\"font-weight: 400;\">: <\/span><b>Ing. Helena Kohoutov\u00e1<\/b><\/p><p>\u00a0<\/p><p><b>Dne 21. Kv\u011btna 2026 \/ \u010dtvrtek<\/b><b><i>\/<\/i><\/b><span style=\"font-weight: 400;\">\u00a0 <\/span><b>v\u00fdlet<\/b><span style=\"font-weight: 400;\"> do<\/span> <b>Vrchotov\u00fdch Janovic\u00a0<\/b><\/p><p><b>T\u00c9MA: Sidonie N\u00e1dhern\u00e1<\/b><span style=\"font-weight: 400;\">\u00a0\u00a0<\/span><\/p><p><span style=\"font-weight: 400;\">\u00a0<\/span><b>sraz na Hl. n\u00e1dra\u017e\u00ed<\/b> <b>8.20 h<\/b><span style=\"font-weight: 400;\"> zakoup\u00edme l\u00edstky na vlak a v 8.51 h je odjezd do Bene\u0161ova, kde jsme p\u0159ed 10 h a za 19 minut n\u00e1m jede vlak na Vrchotovy Janovice. Na m\u00edst\u011b jsme kolem 11 hodiny. Zakoupili bychom vstupenky od 13 h na prohl\u00eddku z\u00e1mku a mezi t\u00edm bychom \u0161li na ob\u011bd a prohl\u00eddka parku a h\u0159bit\u016fvku N\u00e1dhern\u00fdch. Ze z\u00e1mku kolem 15 h odchod na vlak. Jede bud 15.15 h na Bene\u0161ov, kde ka\u017edou p\u016fl hodinu jede rychl\u00edk na Prahu a nebo, kdy\u017e to nestihneme jede z Vrchotov\u00fdch Janovic v 16.15 h dal\u0161\u00ed vlak na Bene\u0161ov.\u00a0<\/span><\/p><p><b>Pr\u016fvodce : JUDr. Eva Rozto\u010dilov\u00e1<\/b><\/p><p><b>\u00a0\u00a0\u00a0<\/b><\/p><p><b>P O Z O R ::::: \u00a0 \u00a0 <\/b><b>Od 4.6. a\u017e 7.6. 2026 (28.5. a\u017e 31.5. 2026) v\u00fdlet do Rakousk\u00e9ho Gratzu \u2013 \u0160t\u00fdrsk\u00e9ho Hradce \u2013 term\u00edn bude je\u0161t\u011b up\u0159esn\u011bn po odsouhlasen\u00ed pr\u016fvodci .\u00a0 \/ <\/b><b><i>samostatn\u00e1 p\u0159\u00edloha k Programu KPR bude rozd\u00e1na na p\u0159edn\u00e1\u0161ce v\u00a0lednu a bude zve\u0159ejn\u011bna na na\u0161ich webov\u00fdch str\u00e1nk\u00e1ch\/<\/i><\/b><\/p><\/div>\n\t\t\t\t<\/div>\n\t\t\t\t\t\t\t<div class=\"elementor-accordion-item\">\n\t\t\t\t\t<div id=\"elementor-tab-title-1036\" class=\"elementor-tab-title\" data-tab=\"6\" role=\"button\" aria-controls=\"elementor-tab-content-1036\" aria-expanded=\"false\">\n\t\t\t\t\t\t\t\t\t\t\t\t\t<span class=\"elementor-accordion-icon elementor-accordion-icon-left\" aria-hidden=\"true\">\n\t\t\t\t\t\t\t\t\t\t\t\t\t\t\t<span class=\"elementor-accordion-icon-closed\"><i class=\"fas fa-plus\"><\/i><\/span>\n\t\t\t\t\t\t\t\t<span class=\"elementor-accordion-icon-opened\"><i class=\"fas fa-minus\"><\/i><\/span>\n\t\t\t\t\t\t\t\t\t\t\t\t\t\t<\/span>\n\t\t\t\t\t\t\t\t\t\t\t\t<a class=\"elementor-accordion-title\" tabindex=\"0\">\u010cerven<\/a>\n\t\t\t\t\t<\/div>\n\t\t\t\t\t<div id=\"elementor-tab-content-1036\" class=\"elementor-tab-content elementor-clearfix\" data-tab=\"6\" role=\"region\" aria-labelledby=\"elementor-tab-title-1036\"><p><b>Dne 18. \u010dervna 2026 \/\u010dtvrtek\/- v\u00fdlet<\/b><\/p><p><b>TEMA: Jan Bla\u017eej Santini Aichel \u2013 350 let v\u00fdro\u010d\u00ed narozen\u00ed<\/b><\/p><p><b>sraz na Hlavn\u00edm n\u00e1dra\u017e\u00ed v\u00a07:45 h &#8211; <\/b><span style=\"font-weight: 400;\">zakoup\u00edme l\u00edstky na vlak a v\u00a08:14 je odjezd vlakem do Chlumce nad Cidlinou, p\u016fjdeme p\u011b\u0161ky z\u00a0n\u00e1dra\u017e\u00ed p\u0159es park k\u00a0z\u00e1mku, kde zakoup\u00edme l\u00edstky na prohl\u00eddku a p\u016fjdeme na ob\u011bd. Po prohl\u00eddce z\u00e1mku odjezd zp\u011bt do Prahy v\u00a015:29 h. P\u0159edpokl\u00e1dan\u00fd n\u00e1vrat do Prahy 16:45 h.<\/span><\/p><p><b>Pr\u016fvodce a p\u0159edn\u00e1\u0161ej\u00edc\u00ed : Ing. Mark\u00e9ta Stanov\u00e1<\/b><\/p><p>\u00a0<\/p><p><b>Zde v\u00e1m bude rozd\u00e1n Program KPR na 2. pololet\u00ed 2026! Jinak lze Program KPR naj\u00edt na webov\u00fdch str\u00e1nk\u00e1ch : www.kprpraha,cz<\/b><\/p><\/div>\n\t\t\t\t<\/div>\n\t\t\t\t\t\t\t\t<\/div>\n\t\t\t\t<\/div>\n\t\t\t\t<\/div>\n\t\t\t\t\t<\/div>\n\t\t<\/div>\n\t\t\t\t\t<\/div>\n\t\t<\/section>\n\t\t\t\t<section class=\"elementor-section elementor-top-section elementor-element elementor-element-ed317be elementor-section-boxed elementor-section-height-default elementor-section-height-default\" data-id=\"ed317be\" data-element_type=\"section\">\n\t\t\t\t\t\t<div class=\"elementor-container elementor-column-gap-default\">\n\t\t\t\t\t<div class=\"elementor-column elementor-col-100 elementor-top-column elementor-element elementor-element-f7f9ee9\" data-id=\"f7f9ee9\" data-element_type=\"column\">\n\t\t\t<div class=\"elementor-widget-wrap elementor-element-populated\">\n\t\t\t\t\t\t<div class=\"elementor-element elementor-element-043992a elementor-widget elementor-widget-heading\" data-id=\"043992a\" data-element_type=\"widget\" data-widget_type=\"heading.default\">\n\t\t\t\t<div class=\"elementor-widget-container\">\n\t\t\t<h3 class=\"elementor-heading-title elementor-size-default\">V\u00fdbor KPR zased\u00e1 ka\u017edou \u010dtvrtou st\u0159edu v m\u011bs\u00edci v Revolu\u010dn\u00ed 5, Praha 1:  tj.\n28.1.2026,  25.2.2026,  25.3.2026,   22.4.2026,  27.5.2026. V\u017edy od 17 hodin                                                    \n<br>\nNezapome\u0148te sledovat na\u0161e www. str\u00e1nky \u2013 viz v z\u00e1hlav\u00ed tohoto informa\u010dn\u00edho listu.<br> Zde budou n\u011bkter\u00e9 informace o akc\u00edch p\u0159id\u00e1v\u00e1ny a aktualizov\u00e1ny v pr\u016fb\u011bhu roku.<\/h3>\t\t<\/div>\n\t\t\t\t<\/div>\n\t\t\t\t<div class=\"elementor-element elementor-element-0079e3c elementor-widget elementor-widget-heading\" data-id=\"0079e3c\" data-element_type=\"widget\" data-widget_type=\"heading.default\">\n\t\t\t\t<div class=\"elementor-widget-container\">\n\t\t\t<h3 class=\"elementor-heading-title elementor-size-default\">Upozorn\u011bn\u00ed:\nPro \u010dleny KPR Praha  jsou  uveden\u00e9 programy bez poplatku.  \nHost\u00e9 plat\u00ed  u tuzemsk\u00fdch akc\u00ed  100,-- K\u010d  (u zahrani\u010dn\u00edho  z\u00e1jezdu 150,-- K\u010d ).<\/h3>\t\t<\/div>\n\t\t\t\t<\/div>\n\t\t\t\t\t<\/div>\n\t\t<\/div>\n\t\t\t\t\t<\/div>\n\t\t<\/section>\n\t\t\t\t<\/div>\n\t\t","protected":false},"excerpt":{"rendered":"<p>Program 2025 Leden Dne 27.ledna 2026 \/\u00fater\u00fd\/ v\u00a015.30 h v p\u0159edn\u00e1\u0161kov\u00e9m s\u00e1le v\u00a0Revplu\u010dn\u00ed 5, Praha 1 T\u00c9MA : \u00dastup gener\u00e1la Kutuzova od Braunau am Inn k Olomouci P\u0159edn\u00e1\u0161\u00ed: V\u00e1clav Kulle \u00danor Dne 17.\u00fanora 2026\/ \u00fater\u00fd\/ v\u00a017.00 h\u00a0 v\u00a0p\u0159edn\u00e1\u0161kov\u00e9m s\u00e1le v\u00a0Revolu\u010dn\u00ed 5, Praha 1\u00a0 T\u00c9MA: Kry\u0161tof Alois Lautner, duchovn\u00ed mezi \u010darod\u011bjnicemi P\u0159edn\u00e1\u0161\u00ed : Prof.\u00a0PhDr.\u00a0Jaroslav \u010cechura DrSc\u00a0 [&hellip;]<\/p>\n","protected":false},"author":1,"featured_media":0,"parent":0,"menu_order":0,"comment_status":"closed","ping_status":"closed","template":"","meta":{"site-sidebar-layout":"no-sidebar","site-content-layout":"page-builder","ast-site-content-layout":"","site-content-style":"default","site-sidebar-style":"default","ast-global-header-display":"","ast-banner-title-visibility":"","ast-main-header-display":"","ast-hfb-above-header-display":"","ast-hfb-below-header-display":"","ast-hfb-mobile-header-display":"","site-post-title":"disabled","ast-breadcrumbs-content":"","ast-featured-img":"disabled","footer-sml-layout":"","theme-transparent-header-meta":"enabled","adv-header-id-meta":"","stick-header-meta":"","header-above-stick-meta":"","header-main-stick-meta":"","header-below-stick-meta":"","astra-migrate-meta-layouts":"default","ast-page-background-enabled":"default","ast-page-background-meta":{"desktop":{"background-color":"var(--ast-global-color-4)","background-image":"","background-repeat":"repeat","background-position":"center center","background-size":"auto","background-attachment":"scroll","background-type":"","background-media":"","overlay-type":"","overlay-color":"","overlay-opacity":"","overlay-gradient":""},"tablet":{"background-color":"","background-image":"","background-repeat":"repeat","background-position":"center center","background-size":"auto","background-attachment":"scroll","background-type":"","background-media":"","overlay-type":"","overlay-color":"","overlay-opacity":"","overlay-gradient":""},"mobile":{"background-color":"","background-image":"","background-repeat":"repeat","background-position":"center center","background-size":"auto","background-attachment":"scroll","background-type":"","background-media":"","overlay-type":"","overlay-color":"","overlay-opacity":"","overlay-gradient":""}},"ast-content-background-meta":{"desktop":{"background-color":"var(--ast-global-color-5)","background-image":"","background-repeat":"repeat","background-position":"center center","background-size":"auto","background-attachment":"scroll","background-type":"","background-media":"","overlay-type":"","overlay-color":"","overlay-opacity":"","overlay-gradient":""},"tablet":{"background-color":"var(--ast-global-color-5)","background-image":"","background-repeat":"repeat","background-position":"center center","background-size":"auto","background-attachment":"scroll","background-type":"","background-media":"","overlay-type":"","overlay-color":"","overlay-opacity":"","overlay-gradient":""},"mobile":{"background-color":"var(--ast-global-color-5)","background-image":"","background-repeat":"repeat","background-position":"center center","background-size":"auto","background-attachment":"scroll","background-type":"","background-media":"","overlay-type":"","overlay-color":"","overlay-opacity":"","overlay-gradient":""}},"footnotes":""},"class_list":["post-15","page","type-page","status-publish","hentry"],"_links":{"self":[{"href":"http:\/\/kprpraha.cz\/index.php?rest_route=\/wp\/v2\/pages\/15","targetHints":{"allow":["GET"]}}],"collection":[{"href":"http:\/\/kprpraha.cz\/index.php?rest_route=\/wp\/v2\/pages"}],"about":[{"href":"http:\/\/kprpraha.cz\/index.php?rest_route=\/wp\/v2\/types\/page"}],"author":[{"embeddable":true,"href":"http:\/\/kprpraha.cz\/index.php?rest_route=\/wp\/v2\/users\/1"}],"replies":[{"embeddable":true,"href":"http:\/\/kprpraha.cz\/index.php?rest_route=%2Fwp%2Fv2%2Fcomments&post=15"}],"version-history":[{"count":74,"href":"http:\/\/kprpraha.cz\/index.php?rest_route=\/wp\/v2\/pages\/15\/revisions"}],"predecessor-version":[{"id":2530,"href":"http:\/\/kprpraha.cz\/index.php?rest_route=\/wp\/v2\/pages\/15\/revisions\/2530"}],"wp:attachment":[{"href":"http:\/\/kprpraha.cz\/index.php?rest_route=%2Fwp%2Fv2%2Fmedia&parent=15"}],"curies":[{"name":"wp","href":"https:\/\/api.w.org\/{rel}","templated":true}]}}