{"id":14,"date":"2021-11-21T15:14:19","date_gmt":"2021-11-21T15:14:19","guid":{"rendered":"http:\/\/kprpraha.cz\/about\/"},"modified":"2023-08-04T17:43:14","modified_gmt":"2023-08-04T17:43:14","slug":"o-nas","status":"publish","type":"page","link":"http:\/\/kprpraha.cz\/?page_id=14","title":{"rendered":"O n\u00e1s"},"content":{"rendered":"\t\t<div data-elementor-type=\"wp-page\" data-elementor-id=\"14\" class=\"elementor elementor-14\">\n\t\t\t\t\t\t<section class=\"elementor-section elementor-top-section elementor-element elementor-element-4341a95 elementor-section-height-min-height elementor-section-boxed elementor-section-height-default elementor-section-items-middle\" data-id=\"4341a95\" data-element_type=\"section\" data-settings=\"{&quot;background_background&quot;:&quot;classic&quot;}\">\n\t\t\t\t\t\t\t<div class=\"elementor-background-overlay\"><\/div>\n\t\t\t\t\t\t\t<div class=\"elementor-container elementor-column-gap-default\">\n\t\t\t\t\t<div class=\"elementor-column elementor-col-100 elementor-top-column elementor-element elementor-element-483be52\" data-id=\"483be52\" data-element_type=\"column\">\n\t\t\t<div class=\"elementor-widget-wrap elementor-element-populated\">\n\t\t\t\t\t\t<div class=\"elementor-element elementor-element-78bf0ae elementor-widget elementor-widget-heading\" data-id=\"78bf0ae\" data-element_type=\"widget\" data-widget_type=\"heading.default\">\n\t\t\t\t<div class=\"elementor-widget-container\">\n\t\t\t<h1 class=\"elementor-heading-title elementor-size-default\">O n\u00e1s<\/h1>\t\t<\/div>\n\t\t\t\t<\/div>\n\t\t\t\t\t<\/div>\n\t\t<\/div>\n\t\t\t\t\t<\/div>\n\t\t<\/section>\n\t\t\t\t<section class=\"elementor-section elementor-top-section elementor-element elementor-element-034f786 elementor-section-boxed elementor-section-height-default elementor-section-height-default\" data-id=\"034f786\" data-element_type=\"section\" data-settings=\"{&quot;background_background&quot;:&quot;classic&quot;}\">\n\t\t\t\t\t\t<div class=\"elementor-container elementor-column-gap-default\">\n\t\t\t\t\t<div class=\"elementor-column elementor-col-100 elementor-top-column elementor-element elementor-element-ba0c118\" data-id=\"ba0c118\" data-element_type=\"column\">\n\t\t\t<div class=\"elementor-widget-wrap elementor-element-populated\">\n\t\t\t\t\t\t<div class=\"elementor-element elementor-element-0b6825a elementor-widget-divider--view-line elementor-widget elementor-widget-divider\" data-id=\"0b6825a\" data-element_type=\"widget\" data-widget_type=\"divider.default\">\n\t\t\t\t<div class=\"elementor-widget-container\">\n\t\t\t\t\t<div class=\"elementor-divider\">\n\t\t\t<span class=\"elementor-divider-separator\">\n\t\t\t\t\t\t<\/span>\n\t\t<\/div>\n\t\t\t\t<\/div>\n\t\t\t\t<\/div>\n\t\t\t\t<div class=\"elementor-element elementor-element-ed9541e elementor-widget elementor-widget-text-editor\" data-id=\"ed9541e\" data-element_type=\"widget\" data-widget_type=\"text-editor.default\">\n\t\t\t\t<div class=\"elementor-widget-container\">\n\t\t\t\t\t\t\t<p>Ji\u017e od 70. let se sch\u00e1zeli rod\u00e1ci z. Rakouska, absolventi odborn\u00fdch \u0161kol spolku Komensk\u00fd ve V\u00eddni, aby si zavzpom\u00ednali na sv\u00e9 milovan\u00e9 rodn\u00e9 m\u011bsto V\u00edde\u0148, kde pro\u017eili sv\u00e9 d\u011btstv\u00ed, kde studovali a pracovali a v\u011bt\u0161inou \u017eili a\u017e do 2. sv\u011btov\u00e9 v\u00e1lky.<\/p><p>\u00a0<\/p><p>P\u0159i setk\u00e1n\u00ed v roce 1989 se neo\u010dek\u00e1van\u011b se\u0161lo kolem \u0161esti set krajan\u016f a tento velk\u00fd z\u00e1jem byl podn\u011btem k zalo\u017een\u00ed organizace, ofici\u00e1ln\u011b zaregistrovan\u00e9 k 31.1.1990 pod n\u00e1zvem Klub \u010deskoslovensko-rakousk\u00e9ho p\u0159\u00e1telstv\u00ed. Po rozd\u011blen\u00ed republiky v roce 1993 byl n\u00e1zev zm\u011bn\u011bn na Klub p\u0159\u00e1tel Rakouska (d\u00e1le KPR).<\/p><p>\u00a0<\/p><p>\u010cleny KPR jsou krom\u011b p\u016fvodn\u00edch v\u00edde\u0148sk\u00fdch \u010cech\u016f i \u010dlenov\u00e9 jejich rodin a tzv. \u201eHerzens\u00f6sterreicher&#8220;. Klub si pokl\u00e1d\u00e1 za \u010dest, \u017ee v \u0159ad\u00e1ch \u010dlen\u016f jsou i osobnosti z diplomatick\u00e9, politick\u00e9 a kulturn\u00ed oblasti. Klub je \u0159\u00edzen v\u00fdborem volen\u00fdm na v\u00fdro\u010dn\u00ed \u010dlensk\u00e9 sch\u016fzi a jeho \u010dinnost se \u0159\u00edd\u00ed podle stanov.<\/p>\t\t\t\t\t\t<\/div>\n\t\t\t\t<\/div>\n\t\t\t\t<div class=\"elementor-element elementor-element-9fdb291 elementor-widget elementor-widget-image\" data-id=\"9fdb291\" data-element_type=\"widget\" data-widget_type=\"image.default\">\n\t\t\t\t<div class=\"elementor-widget-container\">\n\t\t\t\t\t\t\t\t\t\t\t\t\t<img fetchpriority=\"high\" decoding=\"async\" width=\"2400\" height=\"1600\" src=\"http:\/\/kprpraha.cz\/wp-content\/uploads\/2023\/06\/St.-Francis-of-Assisi-Church-.webp\" class=\"attachment-full size-full wp-image-1478\" alt=\"\" srcset=\"http:\/\/kprpraha.cz\/wp-content\/uploads\/2023\/06\/St.-Francis-of-Assisi-Church-.webp 2400w, http:\/\/kprpraha.cz\/wp-content\/uploads\/2023\/06\/St.-Francis-of-Assisi-Church--300x200.webp 300w, http:\/\/kprpraha.cz\/wp-content\/uploads\/2023\/06\/St.-Francis-of-Assisi-Church--1024x683.webp 1024w, http:\/\/kprpraha.cz\/wp-content\/uploads\/2023\/06\/St.-Francis-of-Assisi-Church--768x512.webp 768w, http:\/\/kprpraha.cz\/wp-content\/uploads\/2023\/06\/St.-Francis-of-Assisi-Church--1536x1024.webp 1536w, http:\/\/kprpraha.cz\/wp-content\/uploads\/2023\/06\/St.-Francis-of-Assisi-Church--2048x1365.webp 2048w\" sizes=\"(max-width: 2400px) 100vw, 2400px\" \/>\t\t\t\t\t\t\t\t\t\t\t\t\t<\/div>\n\t\t\t\t<\/div>\n\t\t\t\t<section class=\"elementor-section elementor-inner-section elementor-element elementor-element-d762106 elementor-section-boxed elementor-section-height-default elementor-section-height-default\" data-id=\"d762106\" data-element_type=\"section\">\n\t\t\t\t\t\t<div class=\"elementor-container elementor-column-gap-default\">\n\t\t\t\t\t<div class=\"elementor-column elementor-col-100 elementor-inner-column elementor-element elementor-element-08ec54c\" data-id=\"08ec54c\" data-element_type=\"column\">\n\t\t\t<div class=\"elementor-widget-wrap elementor-element-populated\">\n\t\t\t\t\t\t<div class=\"elementor-element elementor-element-d35be41 elementor-widget elementor-widget-heading\" data-id=\"d35be41\" data-element_type=\"widget\" data-widget_type=\"heading.default\">\n\t\t\t\t<div class=\"elementor-widget-container\">\n\t\t\t<h3 class=\"elementor-heading-title elementor-size-default\">\u010cinnost spolku se zam\u011b\u0159uje p\u0159edev\u0161\u00edm na:<\/h3>\t\t<\/div>\n\t\t\t\t<\/div>\n\t\t\t\t<div class=\"elementor-element elementor-element-8fa3d11 elementor-widget elementor-widget-text-editor\" data-id=\"8fa3d11\" data-element_type=\"widget\" data-widget_type=\"text-editor.default\">\n\t\t\t\t<div class=\"elementor-widget-container\">\n\t\t\t\t\t\t\t<p class=\"p1\">\u2022 Po\u0159\u00e1d\u00e1n\u00ed p\u0159edn\u00e1\u0161ek a besed o d\u011bjin\u00e1ch i sou\u010dasn\u00e9m \u017eivot\u011b a d\u011bn\u00ed v Rakousk\u00e9 a v \u010cesk\u00e9 republice.<\/p><p class=\"p1\">\u2022 Po\u0159\u00e1d\u00e1n\u00ed z\u00e1jezd\u016f za pozn\u00e1n\u00edm kulturn\u00edch a historick\u00fdch pam\u00e1tek Rakouska a p\u0159\u00edhrani\u010dn\u00edch oblast\u00ed obou republik.<\/p><p class=\"p1\">\u2022 Propagaci \u010desk\u00e9 kultury, organizov\u00e1n\u00ed kulturn\u00edch vych\u00e1zek a n\u00e1v\u0161t\u011bv kulturn\u00edch akc\u00ed.<\/p><p class=\"p1\">\u2022 Prezentaci v\u00fdsledk\u016f spolupr\u00e1ce V\u00edde\u0148sk\u00e9 university a Karlovy university v Praze v r\u00e1mci v\u011bdeckov\u00fdzkumn\u00e9ho projektu v oblasti d\u011bjin v\u0161edn\u00edho dne, zahrnuj\u00edc\u00edho \u017eivotn\u00ed vzpom\u00ednky v\u00edde\u0148sk\u00fdch \u010cech\u016f zpracovan\u00e9 v dokumenta\u010dn\u00ed sb\u00edrce \u201eAby se to neztratilo &#8230;&#8220;<\/p><p class=\"p1\">\u2022 Prohlubov\u00e1n\u00ed p\u0159\u00e1telsk\u00fdch styk\u016f s \u010desk\u00fdmi organizacemi ve V\u00eddni.<\/p><p class=\"p1\">\u2022 Z\u00edsk\u00e1v\u00e1n\u00ed mlad\u00e9 generace pro \u010dinnost v Klubu a podpora jej\u00ed aktivity p\u0159i \u0161\u00ed\u0159en\u00ed \u010desk\u00e9 kultury doma i v zahrani\u010d\u00ed.<\/p><p class=\"p1\">\u2022 Spolupr\u00e1ci s rakousk\u00fdmi organizacemi v \u010cesk\u00e9 republice i v zahrani\u010d\u00ed.<\/p>\t\t\t\t\t\t<\/div>\n\t\t\t\t<\/div>\n\t\t\t\t\t<\/div>\n\t\t<\/div>\n\t\t\t\t\t<\/div>\n\t\t<\/section>\n\t\t\t\t\t<\/div>\n\t\t<\/div>\n\t\t\t\t\t<\/div>\n\t\t<\/section>\n\t\t\t\t<\/div>\n\t\t","protected":false},"excerpt":{"rendered":"<p>O n\u00e1s Ji\u017e od 70. let se sch\u00e1zeli rod\u00e1ci z. Rakouska, absolventi odborn\u00fdch \u0161kol spolku Komensk\u00fd ve V\u00eddni, aby si zavzpom\u00ednali na sv\u00e9 milovan\u00e9 rodn\u00e9 m\u011bsto V\u00edde\u0148, kde pro\u017eili sv\u00e9 d\u011btstv\u00ed, kde studovali a pracovali a v\u011bt\u0161inou \u017eili a\u017e do 2. sv\u011btov\u00e9 v\u00e1lky. \u00a0 P\u0159i setk\u00e1n\u00ed v roce 1989 se neo\u010dek\u00e1van\u011b se\u0161lo kolem \u0161esti set [&hellip;]<\/p>\n","protected":false},"author":1,"featured_media":0,"parent":0,"menu_order":0,"comment_status":"closed","ping_status":"closed","template":"","meta":{"site-sidebar-layout":"no-sidebar","site-content-layout":"page-builder","ast-site-content-layout":"","site-content-style":"default","site-sidebar-style":"default","ast-global-header-display":"","ast-banner-title-visibility":"","ast-main-header-display":"","ast-hfb-above-header-display":"","ast-hfb-below-header-display":"","ast-hfb-mobile-header-display":"","site-post-title":"disabled","ast-breadcrumbs-content":"","ast-featured-img":"disabled","footer-sml-layout":"","theme-transparent-header-meta":"enabled","adv-header-id-meta":"","stick-header-meta":"","header-above-stick-meta":"","header-main-stick-meta":"","header-below-stick-meta":"","astra-migrate-meta-layouts":"default","ast-page-background-enabled":"default","ast-page-background-meta":{"desktop":{"background-color":"var(--ast-global-color-4)","background-image":"","background-repeat":"repeat","background-position":"center center","background-size":"auto","background-attachment":"scroll","background-type":"","background-media":"","overlay-type":"","overlay-color":"","overlay-opacity":"","overlay-gradient":""},"tablet":{"background-color":"","background-image":"","background-repeat":"repeat","background-position":"center center","background-size":"auto","background-attachment":"scroll","background-type":"","background-media":"","overlay-type":"","overlay-color":"","overlay-opacity":"","overlay-gradient":""},"mobile":{"background-color":"","background-image":"","background-repeat":"repeat","background-position":"center center","background-size":"auto","background-attachment":"scroll","background-type":"","background-media":"","overlay-type":"","overlay-color":"","overlay-opacity":"","overlay-gradient":""}},"ast-content-background-meta":{"desktop":{"background-color":"var(--ast-global-color-5)","background-image":"","background-repeat":"repeat","background-position":"center center","background-size":"auto","background-attachment":"scroll","background-type":"","background-media":"","overlay-type":"","overlay-color":"","overlay-opacity":"","overlay-gradient":""},"tablet":{"background-color":"var(--ast-global-color-5)","background-image":"","background-repeat":"repeat","background-position":"center center","background-size":"auto","background-attachment":"scroll","background-type":"","background-media":"","overlay-type":"","overlay-color":"","overlay-opacity":"","overlay-gradient":""},"mobile":{"background-color":"var(--ast-global-color-5)","background-image":"","background-repeat":"repeat","background-position":"center center","background-size":"auto","background-attachment":"scroll","background-type":"","background-media":"","overlay-type":"","overlay-color":"","overlay-opacity":"","overlay-gradient":""}},"footnotes":""},"class_list":["post-14","page","type-page","status-publish","hentry"],"_links":{"self":[{"href":"http:\/\/kprpraha.cz\/index.php?rest_route=\/wp\/v2\/pages\/14","targetHints":{"allow":["GET"]}}],"collection":[{"href":"http:\/\/kprpraha.cz\/index.php?rest_route=\/wp\/v2\/pages"}],"about":[{"href":"http:\/\/kprpraha.cz\/index.php?rest_route=\/wp\/v2\/types\/page"}],"author":[{"embeddable":true,"href":"http:\/\/kprpraha.cz\/index.php?rest_route=\/wp\/v2\/users\/1"}],"replies":[{"embeddable":true,"href":"http:\/\/kprpraha.cz\/index.php?rest_route=%2Fwp%2Fv2%2Fcomments&post=14"}],"version-history":[{"count":26,"href":"http:\/\/kprpraha.cz\/index.php?rest_route=\/wp\/v2\/pages\/14\/revisions"}],"predecessor-version":[{"id":2051,"href":"http:\/\/kprpraha.cz\/index.php?rest_route=\/wp\/v2\/pages\/14\/revisions\/2051"}],"wp:attachment":[{"href":"http:\/\/kprpraha.cz\/index.php?rest_route=%2Fwp%2Fv2%2Fmedia&parent=14"}],"curies":[{"name":"wp","href":"https:\/\/api.w.org\/{rel}","templated":true}]}}